{"id":2866,"date":"2020-01-28T17:22:28","date_gmt":"2020-01-28T17:22:28","guid":{"rendered":"https:\/\/kurgovilla.ee\/hotell\/"},"modified":"2026-02-10T15:04:45","modified_gmt":"2026-02-10T15:04:45","slug":"hotell","status":"publish","type":"page","link":"https:\/\/kurgovilla.ee\/fi\/hotell\/","title":{"rendered":"Hotelli"},"content":{"rendered":"<!--themify_builder_content-->\n<div id=\"themify_builder_content-2866\" data-postid=\"2866\" class=\"themify_builder_content themify_builder_content-2866 themify_builder tf_clear\">\n                    <div  data-css_id=\"nkor800\" data-lazy=\"1\" class=\"module_row themify_builder_row fullwidth_row_container tb_nkor800 tb_first tf_w hide-mobile\">\n                        <div class=\"row_inner col_align_top tb_col_count_1 tf_box tf_rel\">\n                        <div  data-lazy=\"1\" class=\"module_column tb-column col-full tb_wqtf803 first\">\n                    <!-- module gallery -->\n<div  class=\"module gallery module-gallery tb_l42g894 layout-grid  \" data-lazy=\"1\">\n    <div class=\"module-gallery-grid\" style=\"--gald:4;--galt:4;--galm:4\">\n            <dl class=\"gallery-item\">\n            <dt class=\"gallery-icon\">\n            <a data-title=\"\" title=\"Kurgo Villa\" href=\"https:\/\/kurgovilla.ee\/wp-content\/uploads\/2020\/07\/Oue_pildid_3-scaled.jpg\" data-rel=\"tb_l42g894\" class=\"themify_lightbox\"><img loading=\"lazy\" decoding=\"async\" src=\"https:\/\/kurgovilla.ee\/wp-content\/uploads\/2020\/07\/Oue_pildid_3-1024x683-300x200.jpg\" width=\"300\" height=\"200\" class=\"wp-post-image wp-image-3008\" title=\"Kurgo Villa\" alt=\"Kurgo Villa\" srcset=\"https:\/\/kurgovilla.ee\/wp-content\/uploads\/2020\/07\/Oue_pildid_3-1024x683-300x200.jpg 300w, https:\/\/kurgovilla.ee\/wp-content\/uploads\/2020\/07\/Oue_pildid_3-1024x683.jpg 1024w, https:\/\/kurgovilla.ee\/wp-content\/uploads\/2020\/07\/Oue_pildid_3-768x512.jpg 768w, https:\/\/kurgovilla.ee\/wp-content\/uploads\/2020\/07\/Oue_pildid_3-1536x1024.jpg 1536w, https:\/\/kurgovilla.ee\/wp-content\/uploads\/2020\/07\/Oue_pildid_3-2048x1365.jpg 2048w\" sizes=\"auto, (max-width: 300px) 100vw, 300px\" \/><\/a>            <\/dt>\n                    <\/dl>\n            <dl class=\"gallery-item\">\n            <dt class=\"gallery-icon\">\n            <a data-title=\"\" title=\"kurgovilla\" href=\"https:\/\/kurgovilla.ee\/wp-content\/uploads\/2023\/08\/KUV_5412.jpg\" data-rel=\"tb_l42g894\" class=\"themify_lightbox\"><img loading=\"lazy\" decoding=\"async\" src=\"https:\/\/kurgovilla.ee\/wp-content\/uploads\/2023\/08\/KUV_5412-1024x683-300x200.jpg\" width=\"300\" height=\"200\" class=\"wp-post-image wp-image-2496\" title=\"kurgovilla\" alt=\"kurgovilla\" srcset=\"https:\/\/kurgovilla.ee\/wp-content\/uploads\/2023\/08\/KUV_5412-1024x683-300x200.jpg 300w, https:\/\/kurgovilla.ee\/wp-content\/uploads\/2023\/08\/KUV_5412-1024x683.jpg 1024w, https:\/\/kurgovilla.ee\/wp-content\/uploads\/2023\/08\/KUV_5412-768x512.jpg 768w, https:\/\/kurgovilla.ee\/wp-content\/uploads\/2023\/08\/KUV_5412-1536x1024.jpg 1536w, https:\/\/kurgovilla.ee\/wp-content\/uploads\/2023\/08\/KUV_5412.jpg 2048w\" sizes=\"auto, (max-width: 300px) 100vw, 300px\" \/><\/a>            <\/dt>\n                    <\/dl>\n            <dl class=\"gallery-item\">\n            <dt class=\"gallery-icon\">\n            <a data-title=\"\" title=\"kurgovilla\" href=\"https:\/\/kurgovilla.ee\/wp-content\/uploads\/2023\/08\/KUR_2300.jpg\" data-rel=\"tb_l42g894\" class=\"themify_lightbox\"><img loading=\"lazy\" decoding=\"async\" src=\"https:\/\/kurgovilla.ee\/wp-content\/uploads\/2023\/08\/KUR_2300-1024x683-300x200.jpg\" width=\"300\" height=\"200\" class=\"wp-post-image wp-image-2492\" title=\"kurgovilla\" alt=\"kurgovilla\" srcset=\"https:\/\/kurgovilla.ee\/wp-content\/uploads\/2023\/08\/KUR_2300-1024x683-300x200.jpg 300w, https:\/\/kurgovilla.ee\/wp-content\/uploads\/2023\/08\/KUR_2300-1024x683.jpg 1024w, https:\/\/kurgovilla.ee\/wp-content\/uploads\/2023\/08\/KUR_2300-768x512.jpg 768w, https:\/\/kurgovilla.ee\/wp-content\/uploads\/2023\/08\/KUR_2300-1536x1024.jpg 1536w, https:\/\/kurgovilla.ee\/wp-content\/uploads\/2023\/08\/KUR_2300.jpg 2048w\" sizes=\"auto, (max-width: 300px) 100vw, 300px\" \/><\/a>            <\/dt>\n                    <\/dl>\n            <dl class=\"gallery-item\">\n            <dt class=\"gallery-icon\">\n            <a data-title=\"\" title=\"kurgovilla\" href=\"https:\/\/kurgovilla.ee\/wp-content\/uploads\/2023\/08\/Restoran-10.jpg\" data-rel=\"tb_l42g894\" class=\"themify_lightbox\"><img loading=\"lazy\" decoding=\"async\" src=\"https:\/\/kurgovilla.ee\/wp-content\/uploads\/2023\/08\/Restoran-10-1024x688-300x200.jpg\" width=\"300\" height=\"200\" class=\"wp-post-image wp-image-2488\" title=\"kurgovilla\" alt=\"kurgovilla\"><\/a>            <\/dt>\n                    <\/dl>\n    <\/div>\n<\/div>\n<!-- \/module gallery -->        <\/div>\n                        <\/div>\n        <\/div>\n                        <div  data-lazy=\"1\" class=\"module_row themify_builder_row tb_hfwc6 tf_w\">\n                        <div class=\"row_inner col_align_top tb_col_count_1 tf_box tf_rel\">\n                        <div  data-lazy=\"1\" class=\"module_column tb-column col-full tb_uygw9 first\">\n                    <!-- module text -->\n<div  class=\"module module-text tb_m5t0906   \" data-lazy=\"1\">\n        <div  class=\"tb_text_wrap\">\n        <h1 style=\"text-align: center;\">VIIHTYIS\u00c4 JA YKSITYINEN VILLA P\u00c4RNUN RANTA-ALUEELLA<\/h1>\n    <\/div>\n<\/div>\n<!-- \/module text -->        <\/div>\n                        <\/div>\n        <\/div>\n                        <div  data-css_id=\"j2ok612\" data-lazy=\"1\" class=\"module_row themify_builder_row fullwidth_row_container tb_j2ok612 tf_w\">\n            <span  class=\"builder_row_cover tf_abs\" data-lazy=\"1\"><\/span>            <div class=\"row_inner col_align_top tb_col_count_1 tf_box tf_rel\">\n                        <div  data-lazy=\"1\" class=\"module_column tb-column col-full tb_i20s614 first\">\n                    <!-- module text -->\n<div  class=\"module module-text tb_38nb615   \" data-lazy=\"1\">\n        <div  class=\"tb_text_wrap\">\n        <p>Kurgo Villassa majoitettiin vieraita jo Viron ensimm\u00e4isen tasavallan vuosina, jolloin silloinen tasavallan presidentti Konstantin P\u00e4ts y\u00f6pyi usein huvilassamme. T\u00e4\u00e4lt\u00e4 presidentti saattoi seurata tulevan pys\u00e4hdyspaikkansa P\u00e4rnun rantahotellin valmistumista. Tuolloin huvilan nimi oli &#8221;Salme&#8221;, ja se kuului kapteeni Mihkel Kurgolle, johon hotellin nykyinen nimi viittaa.<\/p>\n<p>Vuonna 2014 t\u00e4ysin peruskorjattu hotellimme k\u00e4sitt\u00e4\u00e4 kaksi rakennusta, eli huvilarakennuksen ja piharakennuksen, joissa on yhteens\u00e4 28 huonetta. Huvilarakennus peruskorjattiin kev\u00e4\u00e4ll\u00e4 2023. Vuodesta 2024 alkaen Kurgo Villa tarjoaa majoitusta itsepalveluperiaatteella.<\/p>\n<p>Kaikissa huoneissa on kaikki nykyaikaiset mukavuudet, joita tarvitaan viihtyis\u00e4\u00e4 lomailua varten: televisio ja kaapelikanavat, ilmainen internet, j\u00e4\u00e4kaappi ja kylpyhuone+wc. Huoneissa ei saa tupakoida.<\/p>\n<p>Kes\u00e4ll\u00e4 huvilan sis\u00e4pihalla on l\u00e4mmitetty ulkouima-allas. Tarkista aukioloajat altaan vieress\u00e4 olevalta ilmoitustaululta. Lapset ovat tervetulleita leikkim\u00e4\u00e4n leikkikent\u00e4lle.<\/p>\n<p><strong>T\u00c4RKE\u00c4\u00c4 TIETOA<\/strong><\/p>\n<p>Voit varata huoneesi k\u00e4tev\u00e4sti verkkosivujemme <a href=\"https:\/\/bouk.io\/booking\/kurgovilla\/355\/rooms?nights=1&amp;adults=2&amp;children=0&amp;language=et&amp;weekday=monday&amp;skip=2%20&amp;_gl=1*1cl5chw*_gcl_au*MzAyNzU4OTI5LjE3MTU5NDU2MzQ.&amp;_ga=2.108275586.1463171249.1720002352-387632841.1715945634\" target=\"_blank\" rel=\"noopener\">varausj\u00e4rjestelm\u00e4n<\/a> kautta. Lis\u00e4tietoja saa soittamalla numeroon <a href=\"tel:+37256877536\" target=\"_blank\" rel=\"noopener\">+372 5687 7536<\/a> ma-su klo 12.00-17.00 tai s\u00e4hk\u00f6postitse <a href=\"mailto:kurgovilla@kurgovilla.ee\" target=\"_blank\" rel=\"noopener\">kurgovilla@kurgovilla.ee<\/a>.<\/p>\n<p>Kurgo Villa on itsepalveluhotelli, joten meill\u00e4 ei ole vastaanottoa 24h.<\/p>\n<p>Huonehintaan sis\u00e4ltyy aamupala ja l\u00e4mmitetyn ulkouima-altaan* k\u00e4ytt\u00f6 kes\u00e4isin.<\/p>\n<p>*Ulkouima-allas l\u00e4mmitet\u00e4\u00e4n hotellin harkinnan mukaan ja s\u00e4\u00e4olosuhteet huomioidaan.<\/p>\n<p>Hotelli pid\u00e4tt\u00e4\u00e4 oikeuden muuttaa tarjottuja palveluja. Tietyt palvelut eiv\u00e4t v\u00e4ltt\u00e4m\u00e4tt\u00e4 ole saatavilla kauden alussa ja lopussa.<\/p>    <\/div>\n<\/div>\n<!-- \/module text -->        <\/div>\n                        <\/div>\n        <\/div>\n        <\/div>\n<!--\/themify_builder_content-->","protected":false},"excerpt":{"rendered":"<p>VIIHTYIS\u00c4 JA YKSITYINEN VILLA P\u00c4RNUN RANTA-ALUEELLA<\/p>\n","protected":false},"author":1,"featured_media":0,"parent":0,"menu_order":0,"comment_status":"closed","ping_status":"closed","template":"","meta":{"footnotes":""},"class_list":["post-2866","page","type-page","status-publish","hentry","has-post-title","has-post-date","has-post-category","has-post-tag","has-post-comment","has-post-author",""],"yoast_head":"<!-- This site is optimized with the Yoast SEO plugin v27.4 - https:\/\/yoast.com\/product\/yoast-seo-wordpress\/ -->\n<title>Viihtyis\u00e4 ja yksityinen huvila P\u00e4rnun ranta-alueella &#187; Kurgovilla<\/title>\n<meta name=\"description\" content=\"Kurgo Villassa majoitettiin vieraita jo Viron ensimm\u00e4isen tasavallan vuosina, jolloin silloinen tasavallan presidentti Konstantin P\u00e4ts y\u00f6pyi usein huvilassamme.\" \/>\n<meta name=\"robots\" content=\"index, follow, max-snippet:-1, max-image-preview:large, max-video-preview:-1\" \/>\n<link rel=\"canonical\" href=\"https:\/\/kurgovilla.ee\/fi\/hotell\/\" \/>\n<meta property=\"og:locale\" content=\"fi_FI\" \/>\n<meta property=\"og:type\" content=\"article\" \/>\n<meta property=\"og:title\" content=\"Viihtyis\u00e4 ja yksityinen huvila P\u00e4rnun ranta-alueella &#187; Kurgovilla\" \/>\n<meta property=\"og:description\" content=\"Kurgo Villassa majoitettiin vieraita jo Viron ensimm\u00e4isen tasavallan vuosina, jolloin silloinen tasavallan presidentti Konstantin P\u00e4ts y\u00f6pyi usein huvilassamme.\" \/>\n<meta property=\"og:url\" content=\"https:\/\/kurgovilla.ee\/fi\/hotell\/\" \/>\n<meta property=\"og:site_name\" content=\"Kurgovilla\" \/>\n<meta property=\"article:modified_time\" content=\"2026-02-10T15:04:45+00:00\" \/>\n<meta property=\"og:image\" content=\"https:\/\/kurgovilla.ee\/wp-content\/uploads\/2020\/07\/Oue_pildid_3-150x150.jpg\" \/>\n<meta name=\"twitter:card\" content=\"summary_large_image\" \/>\n<meta name=\"twitter:label1\" content=\"Arvioitu lukuaika\" \/>\n\t<meta name=\"twitter:data1\" content=\"2 minuuttia\" \/>\n<script type=\"application\/ld+json\" class=\"yoast-schema-graph\">{\"@context\":\"https:\\\/\\\/schema.org\",\"@graph\":[{\"@type\":\"WebPage\",\"@id\":\"https:\\\/\\\/kurgovilla.ee\\\/fi\\\/hotell\\\/\",\"url\":\"https:\\\/\\\/kurgovilla.ee\\\/fi\\\/hotell\\\/\",\"name\":\"Viihtyis\u00e4 ja yksityinen huvila P\u00e4rnun ranta-alueella &#187; Kurgovilla\",\"isPartOf\":{\"@id\":\"https:\\\/\\\/kurgovilla.ee\\\/#website\"},\"datePublished\":\"2020-01-28T17:22:28+00:00\",\"dateModified\":\"2026-02-10T15:04:45+00:00\",\"description\":\"Kurgo Villassa majoitettiin vieraita jo Viron ensimm\u00e4isen tasavallan vuosina, jolloin silloinen tasavallan presidentti Konstantin P\u00e4ts y\u00f6pyi usein huvilassamme.\",\"breadcrumb\":{\"@id\":\"https:\\\/\\\/kurgovilla.ee\\\/fi\\\/hotell\\\/#breadcrumb\"},\"inLanguage\":\"fi\",\"potentialAction\":[{\"@type\":\"ReadAction\",\"target\":[\"https:\\\/\\\/kurgovilla.ee\\\/fi\\\/hotell\\\/\"]}]},{\"@type\":\"BreadcrumbList\",\"@id\":\"https:\\\/\\\/kurgovilla.ee\\\/fi\\\/hotell\\\/#breadcrumb\",\"itemListElement\":[{\"@type\":\"ListItem\",\"position\":1,\"name\":\"Home\",\"item\":\"https:\\\/\\\/kurgovilla.ee\\\/\"},{\"@type\":\"ListItem\",\"position\":2,\"name\":\"Hotelli\"}]},{\"@type\":\"WebSite\",\"@id\":\"https:\\\/\\\/kurgovilla.ee\\\/#website\",\"url\":\"https:\\\/\\\/kurgovilla.ee\\\/\",\"name\":\"Kurgovilla\",\"description\":\"\",\"publisher\":{\"@id\":\"https:\\\/\\\/kurgovilla.ee\\\/#organization\"},\"potentialAction\":[{\"@type\":\"SearchAction\",\"target\":{\"@type\":\"EntryPoint\",\"urlTemplate\":\"https:\\\/\\\/kurgovilla.ee\\\/?s={search_term_string}\"},\"query-input\":{\"@type\":\"PropertyValueSpecification\",\"valueRequired\":true,\"valueName\":\"search_term_string\"}}],\"inLanguage\":\"fi\"},{\"@type\":\"Organization\",\"@id\":\"https:\\\/\\\/kurgovilla.ee\\\/#organization\",\"name\":\"Kurgo Villa\",\"url\":\"https:\\\/\\\/kurgovilla.ee\\\/\",\"logo\":{\"@type\":\"ImageObject\",\"inLanguage\":\"fi\",\"@id\":\"https:\\\/\\\/kurgovilla.ee\\\/#\\\/schema\\\/logo\\\/image\\\/\",\"url\":\"https:\\\/\\\/kurgovilla.ee\\\/wp-content\\\/uploads\\\/2020\\\/03\\\/logo.jpg\",\"contentUrl\":\"https:\\\/\\\/kurgovilla.ee\\\/wp-content\\\/uploads\\\/2020\\\/03\\\/logo.jpg\",\"width\":300,\"height\":115,\"caption\":\"Kurgo Villa\"},\"image\":{\"@id\":\"https:\\\/\\\/kurgovilla.ee\\\/#\\\/schema\\\/logo\\\/image\\\/\"}}]}<\/script>\n<!-- \/ Yoast SEO plugin. -->","yoast_head_json":{"title":"Viihtyis\u00e4 ja yksityinen huvila P\u00e4rnun ranta-alueella &#187; Kurgovilla","description":"Kurgo Villassa majoitettiin vieraita jo Viron ensimm\u00e4isen tasavallan vuosina, jolloin silloinen tasavallan presidentti Konstantin P\u00e4ts y\u00f6pyi usein huvilassamme.","robots":{"index":"index","follow":"follow","max-snippet":"max-snippet:-1","max-image-preview":"max-image-preview:large","max-video-preview":"max-video-preview:-1"},"canonical":"https:\/\/kurgovilla.ee\/fi\/hotell\/","og_locale":"fi_FI","og_type":"article","og_title":"Viihtyis\u00e4 ja yksityinen huvila P\u00e4rnun ranta-alueella &#187; Kurgovilla","og_description":"Kurgo Villassa majoitettiin vieraita jo Viron ensimm\u00e4isen tasavallan vuosina, jolloin silloinen tasavallan presidentti Konstantin P\u00e4ts y\u00f6pyi usein huvilassamme.","og_url":"https:\/\/kurgovilla.ee\/fi\/hotell\/","og_site_name":"Kurgovilla","article_modified_time":"2026-02-10T15:04:45+00:00","og_image":[{"url":"https:\/\/kurgovilla.ee\/wp-content\/uploads\/2020\/07\/Oue_pildid_3-150x150.jpg","type":"","width":"","height":""}],"twitter_card":"summary_large_image","twitter_misc":{"Arvioitu lukuaika":"2 minuuttia"},"schema":{"@context":"https:\/\/schema.org","@graph":[{"@type":"WebPage","@id":"https:\/\/kurgovilla.ee\/fi\/hotell\/","url":"https:\/\/kurgovilla.ee\/fi\/hotell\/","name":"Viihtyis\u00e4 ja yksityinen huvila P\u00e4rnun ranta-alueella &#187; Kurgovilla","isPartOf":{"@id":"https:\/\/kurgovilla.ee\/#website"},"datePublished":"2020-01-28T17:22:28+00:00","dateModified":"2026-02-10T15:04:45+00:00","description":"Kurgo Villassa majoitettiin vieraita jo Viron ensimm\u00e4isen tasavallan vuosina, jolloin silloinen tasavallan presidentti Konstantin P\u00e4ts y\u00f6pyi usein huvilassamme.","breadcrumb":{"@id":"https:\/\/kurgovilla.ee\/fi\/hotell\/#breadcrumb"},"inLanguage":"fi","potentialAction":[{"@type":"ReadAction","target":["https:\/\/kurgovilla.ee\/fi\/hotell\/"]}]},{"@type":"BreadcrumbList","@id":"https:\/\/kurgovilla.ee\/fi\/hotell\/#breadcrumb","itemListElement":[{"@type":"ListItem","position":1,"name":"Home","item":"https:\/\/kurgovilla.ee\/"},{"@type":"ListItem","position":2,"name":"Hotelli"}]},{"@type":"WebSite","@id":"https:\/\/kurgovilla.ee\/#website","url":"https:\/\/kurgovilla.ee\/","name":"Kurgovilla","description":"","publisher":{"@id":"https:\/\/kurgovilla.ee\/#organization"},"potentialAction":[{"@type":"SearchAction","target":{"@type":"EntryPoint","urlTemplate":"https:\/\/kurgovilla.ee\/?s={search_term_string}"},"query-input":{"@type":"PropertyValueSpecification","valueRequired":true,"valueName":"search_term_string"}}],"inLanguage":"fi"},{"@type":"Organization","@id":"https:\/\/kurgovilla.ee\/#organization","name":"Kurgo Villa","url":"https:\/\/kurgovilla.ee\/","logo":{"@type":"ImageObject","inLanguage":"fi","@id":"https:\/\/kurgovilla.ee\/#\/schema\/logo\/image\/","url":"https:\/\/kurgovilla.ee\/wp-content\/uploads\/2020\/03\/logo.jpg","contentUrl":"https:\/\/kurgovilla.ee\/wp-content\/uploads\/2020\/03\/logo.jpg","width":300,"height":115,"caption":"Kurgo Villa"},"image":{"@id":"https:\/\/kurgovilla.ee\/#\/schema\/logo\/image\/"}}]}},"builder_content":"[gallery ids=\"1175,2496,2492,2488\"]\n<h1 style=\"text-align: center;\">VIIHTYIS\u00c4 JA YKSITYINEN VILLA P\u00c4RNUN RANTA-ALUEELLA<\/h1>\n<p>Kurgo Villassa majoitettiin vieraita jo Viron ensimm\u00e4isen tasavallan vuosina, jolloin silloinen tasavallan presidentti Konstantin P\u00e4ts y\u00f6pyi usein huvilassamme. T\u00e4\u00e4lt\u00e4 presidentti saattoi seurata tulevan pys\u00e4hdyspaikkansa P\u00e4rnun rantahotellin valmistumista. Tuolloin huvilan nimi oli \"Salme\", ja se kuului kapteeni Mihkel Kurgolle, johon hotellin nykyinen nimi viittaa.<\/p> <p>Vuonna 2014 t\u00e4ysin peruskorjattu hotellimme k\u00e4sitt\u00e4\u00e4 kaksi rakennusta, eli huvilarakennuksen ja piharakennuksen, joissa on yhteens\u00e4 28 huonetta. Huvilarakennus peruskorjattiin kev\u00e4\u00e4ll\u00e4 2023. Vuodesta 2024 alkaen Kurgo Villa tarjoaa majoitusta itsepalveluperiaatteella.<\/p> <p>Kaikissa huoneissa on kaikki nykyaikaiset mukavuudet, joita tarvitaan viihtyis\u00e4\u00e4 lomailua varten: televisio ja kaapelikanavat, ilmainen internet, j\u00e4\u00e4kaappi ja kylpyhuone+wc. Huoneissa ei saa tupakoida.<\/p> <p>Kes\u00e4ll\u00e4 huvilan sis\u00e4pihalla on l\u00e4mmitetty ulkouima-allas. Tarkista aukioloajat altaan vieress\u00e4 olevalta ilmoitustaululta. Lapset ovat tervetulleita leikkim\u00e4\u00e4n leikkikent\u00e4lle.<\/p> <p><strong>T\u00c4RKE\u00c4\u00c4 TIETOA<\/strong><\/p> <p>Voit varata huoneesi k\u00e4tev\u00e4sti verkkosivujemme <a href=\"https:\/\/bouk.io\/booking\/kurgovilla\/355\/rooms?nights=1&amp;adults=2&amp;children=0&amp;language=et&amp;weekday=monday&amp;skip=2%20&amp;_gl=1*1cl5chw*_gcl_au*MzAyNzU4OTI5LjE3MTU5NDU2MzQ.&amp;_ga=2.108275586.1463171249.1720002352-387632841.1715945634\" target=\"_blank\" rel=\"noopener\">varausj\u00e4rjestelm\u00e4n<\/a> kautta. Lis\u00e4tietoja saa soittamalla numeroon <a href=\"tel:+37256877536\" target=\"_blank\" rel=\"noopener\">+372 5687 7536<\/a> ma-su klo 12.00-17.00 tai s\u00e4hk\u00f6postitse <a href=\"mailto:kurgovilla@kurgovilla.ee\" target=\"_blank\" rel=\"noopener\">kurgovilla@kurgovilla.ee<\/a>.<\/p> <p>Kurgo Villa on itsepalveluhotelli, joten meill\u00e4 ei ole vastaanottoa 24h.<\/p> <p>Huonehintaan sis\u00e4ltyy aamupala ja l\u00e4mmitetyn ulkouima-altaan* k\u00e4ytt\u00f6 kes\u00e4isin.<\/p> <p>*Ulkouima-allas l\u00e4mmitet\u00e4\u00e4n hotellin harkinnan mukaan ja s\u00e4\u00e4olosuhteet huomioidaan.<\/p> <p>Hotelli pid\u00e4tt\u00e4\u00e4 oikeuden muuttaa tarjottuja palveluja. Tietyt palvelut eiv\u00e4t v\u00e4ltt\u00e4m\u00e4tt\u00e4 ole saatavilla kauden alussa ja lopussa.<\/p>","_links":{"self":[{"href":"https:\/\/kurgovilla.ee\/fi\/wp-json\/wp\/v2\/pages\/2866","targetHints":{"allow":["GET"]}}],"collection":[{"href":"https:\/\/kurgovilla.ee\/fi\/wp-json\/wp\/v2\/pages"}],"about":[{"href":"https:\/\/kurgovilla.ee\/fi\/wp-json\/wp\/v2\/types\/page"}],"author":[{"embeddable":true,"href":"https:\/\/kurgovilla.ee\/fi\/wp-json\/wp\/v2\/users\/1"}],"replies":[{"embeddable":true,"href":"https:\/\/kurgovilla.ee\/fi\/wp-json\/wp\/v2\/comments?post=2866"}],"version-history":[{"count":13,"href":"https:\/\/kurgovilla.ee\/fi\/wp-json\/wp\/v2\/pages\/2866\/revisions"}],"predecessor-version":[{"id":3449,"href":"https:\/\/kurgovilla.ee\/fi\/wp-json\/wp\/v2\/pages\/2866\/revisions\/3449"}],"wp:attachment":[{"href":"https:\/\/kurgovilla.ee\/fi\/wp-json\/wp\/v2\/media?parent=2866"}],"curies":[{"name":"wp","href":"https:\/\/api.w.org\/{rel}","templated":true}]}}