{"id":2885,"date":"2020-01-29T09:47:37","date_gmt":"2020-01-29T09:47:37","guid":{"rendered":"https:\/\/kurgovilla.ee\/hotell\/hoovimaja\/"},"modified":"2024-07-03T11:36:55","modified_gmt":"2024-07-03T11:36:55","slug":"hoovimaja","status":"publish","type":"page","link":"https:\/\/kurgovilla.ee\/fi\/hotell\/hoovimaja\/","title":{"rendered":"Piharakennus"},"content":{"rendered":"<!--themify_builder_content-->\n<div id=\"themify_builder_content-2885\" data-postid=\"2885\" class=\"themify_builder_content themify_builder_content-2885 themify_builder tf_clear\">\n                    <div  data-lazy=\"1\" class=\"module_row themify_builder_row tb_caz1923 tb_first tf_w\">\n                        <div class=\"row_inner col_align_top tb_col_count_1 tf_box tf_rel\">\n                        <div  data-lazy=\"1\" class=\"module_column tb-column col-full tb_tfsn929 first\">\n                    <!-- module text -->\n<div  class=\"module module-text tb_yk1v929   \" data-lazy=\"1\">\n        <div  class=\"tb_text_wrap\">\n        <h1 style=\"text-align: center;\">PIHARAKENNUS<\/h1>\n    <\/div>\n<\/div>\n<!-- \/module text -->        <\/div>\n                        <\/div>\n        <\/div>\n                        <div  data-css_id=\"fz29923\" data-lazy=\"1\" class=\"module_row themify_builder_row fullwidth_row_container tb_fz29923 tf_w\">\n            <span  class=\"builder_row_cover tf_abs\" data-lazy=\"1\"><\/span>            <div class=\"row_inner col_align_top tb_col_count_1 tf_box tf_rel\">\n                        <div  data-lazy=\"1\" class=\"module_column tb-column col-full tb_4xcj931 first\">\n                    <!-- module text -->\n<div  class=\"module module-text tb_3o69931   \" data-lazy=\"1\">\n        <div  class=\"tb_text_wrap\">\n        <p>Piharakennuksessa on yhteens\u00e4 15 huonetta, joissa on k\u00e4ytetty luonnollisia pintamateriaaleja. Jokaisessa huoneessa on terassi tai parveke sek\u00e4 p\u00f6yt\u00e4 ja tuolit auringosta ja my\u00f6s kes\u00e4sateen ropinasta nauttimiseen.<\/p>    <\/div>\n<\/div>\n<!-- \/module text --><!-- module text -->\n<div  class=\"module module-text tb_2lip277   \" data-lazy=\"1\">\n        <div  class=\"tb_text_wrap\">\n        <h3 style=\"text-align: center;\">I KERROS<\/h3>\n    <\/div>\n<\/div>\n<!-- \/module text --><!-- module gallery -->\n<div  class=\"module gallery module-gallery tb_m8uz866 layout-grid  \" data-lazy=\"1\">\n    <div class=\"module-gallery-grid\" style=\"--gald:4;--galt:4;--galm:4\">\n            <dl class=\"gallery-item\">\n            <dt class=\"gallery-icon\">\n            <a data-title=\"no\" title=\"\" href=\"https:\/\/kurgovilla.ee\/wp-content\/uploads\/2020\/07\/Tuba6-4-1-scaled.jpg\" data-rel=\"tb_m8uz866\" class=\"themify_lightbox\"><img loading=\"lazy\" decoding=\"async\" src=\"https:\/\/kurgovilla.ee\/wp-content\/uploads\/2020\/07\/Tuba6-4-1-1024x683-300x200.jpg\" width=\"300\" height=\"200\" class=\"wp-post-image wp-image-1400\" title=\"Tuba6 (4)\" alt=\"Tuba kahele, terrassiga\" srcset=\"https:\/\/kurgovilla.ee\/wp-content\/uploads\/2020\/07\/Tuba6-4-1-1024x683-300x200.jpg 300w, https:\/\/kurgovilla.ee\/wp-content\/uploads\/2020\/07\/Tuba6-4-1-1024x683.jpg 1024w, https:\/\/kurgovilla.ee\/wp-content\/uploads\/2020\/07\/Tuba6-4-1-768x512.jpg 768w, https:\/\/kurgovilla.ee\/wp-content\/uploads\/2020\/07\/Tuba6-4-1-1536x1024.jpg 1536w, https:\/\/kurgovilla.ee\/wp-content\/uploads\/2020\/07\/Tuba6-4-1-2048x1365.jpg 2048w\" sizes=\"auto, (max-width: 300px) 100vw, 300px\" \/><\/a>            <\/dt>\n                    <\/dl>\n            <dl class=\"gallery-item\">\n            <dt class=\"gallery-icon\">\n            <a data-title=\"no\" title=\"\" href=\"https:\/\/kurgovilla.ee\/wp-content\/uploads\/2020\/07\/Tuba6-2-scaled.jpg\" data-rel=\"tb_m8uz866\" class=\"themify_lightbox\"><img loading=\"lazy\" decoding=\"async\" src=\"https:\/\/kurgovilla.ee\/wp-content\/uploads\/2020\/07\/Tuba6-2-1024x683-300x200.jpg\" width=\"300\" height=\"200\" class=\"wp-post-image wp-image-1392\" title=\"Tuba6 (2)\" alt=\"Tuba kahele, terrassiga\" srcset=\"https:\/\/kurgovilla.ee\/wp-content\/uploads\/2020\/07\/Tuba6-2-1024x683-300x200.jpg 300w, https:\/\/kurgovilla.ee\/wp-content\/uploads\/2020\/07\/Tuba6-2-1024x683.jpg 1024w, https:\/\/kurgovilla.ee\/wp-content\/uploads\/2020\/07\/Tuba6-2-768x512.jpg 768w, https:\/\/kurgovilla.ee\/wp-content\/uploads\/2020\/07\/Tuba6-2-1536x1024.jpg 1536w, https:\/\/kurgovilla.ee\/wp-content\/uploads\/2020\/07\/Tuba6-2-2048x1365.jpg 2048w\" sizes=\"auto, (max-width: 300px) 100vw, 300px\" \/><\/a>            <\/dt>\n                    <\/dl>\n            <dl class=\"gallery-item\">\n            <dt class=\"gallery-icon\">\n            <a data-title=\"no\" title=\"\" href=\"https:\/\/kurgovilla.ee\/wp-content\/uploads\/2020\/07\/Tuba6-3-1-scaled.jpg\" data-rel=\"tb_m8uz866\" class=\"themify_lightbox\"><img loading=\"lazy\" decoding=\"async\" src=\"https:\/\/kurgovilla.ee\/wp-content\/uploads\/2020\/07\/Tuba6-3-1-1024x683-300x200.jpg\" width=\"300\" height=\"200\" class=\"wp-post-image wp-image-1396\" title=\"Tuba6 (3)\" alt=\"Tuba kahele, terrassiga\" srcset=\"https:\/\/kurgovilla.ee\/wp-content\/uploads\/2020\/07\/Tuba6-3-1-1024x683-300x200.jpg 300w, https:\/\/kurgovilla.ee\/wp-content\/uploads\/2020\/07\/Tuba6-3-1-1024x683.jpg 1024w, https:\/\/kurgovilla.ee\/wp-content\/uploads\/2020\/07\/Tuba6-3-1-768x512.jpg 768w, https:\/\/kurgovilla.ee\/wp-content\/uploads\/2020\/07\/Tuba6-3-1-1536x1024.jpg 1536w, https:\/\/kurgovilla.ee\/wp-content\/uploads\/2020\/07\/Tuba6-3-1-2048x1365.jpg 2048w\" sizes=\"auto, (max-width: 300px) 100vw, 300px\" \/><\/a>            <\/dt>\n                    <\/dl>\n            <dl class=\"gallery-item\">\n            <dt class=\"gallery-icon\">\n            <a data-title=\"no\" title=\"\" href=\"https:\/\/kurgovilla.ee\/wp-content\/uploads\/2020\/07\/DSC_2570-scaled.jpg\" data-rel=\"tb_m8uz866\" class=\"themify_lightbox\"><img loading=\"lazy\" decoding=\"async\" src=\"https:\/\/kurgovilla.ee\/wp-content\/uploads\/2020\/07\/DSC_2570-1024x683-300x200.jpg\" width=\"300\" height=\"200\" class=\"wp-post-image wp-image-1404\" title=\"DSC_2570\" alt=\"Tualett\" srcset=\"https:\/\/kurgovilla.ee\/wp-content\/uploads\/2020\/07\/DSC_2570-1024x683-300x200.jpg 300w, https:\/\/kurgovilla.ee\/wp-content\/uploads\/2020\/07\/DSC_2570-1024x683.jpg 1024w, https:\/\/kurgovilla.ee\/wp-content\/uploads\/2020\/07\/DSC_2570-768x513.jpg 768w, https:\/\/kurgovilla.ee\/wp-content\/uploads\/2020\/07\/DSC_2570-1536x1025.jpg 1536w, https:\/\/kurgovilla.ee\/wp-content\/uploads\/2020\/07\/DSC_2570-2048x1367.jpg 2048w\" sizes=\"auto, (max-width: 300px) 100vw, 300px\" \/><\/a>            <\/dt>\n                    <\/dl>\n    <\/div>\n<\/div>\n<!-- \/module gallery --><!-- module text -->\n<div  class=\"module module-text tb_4y5u771   \" data-lazy=\"1\">\n        <div  class=\"tb_text_wrap\">\n        <h3 style=\"text-align: center;\">II KERROS<\/h3>\n    <\/div>\n<\/div>\n<!-- \/module text --><!-- module gallery -->\n<div  class=\"module gallery module-gallery tb_4ad1693 layout-grid  \" data-lazy=\"1\">\n    <div class=\"module-gallery-grid\" style=\"--gald:4;--galt:4;--galm:4\">\n            <dl class=\"gallery-item\">\n            <dt class=\"gallery-icon\">\n            <a data-title=\"no\" title=\"\" href=\"https:\/\/kurgovilla.ee\/wp-content\/uploads\/2020\/07\/Rivi_12_1-1-scaled.jpg\" data-rel=\"tb_4ad1693\" class=\"themify_lightbox\"><img loading=\"lazy\" decoding=\"async\" src=\"https:\/\/kurgovilla.ee\/wp-content\/uploads\/2020\/07\/Rivi_12_1-1-1024x683-300x200.jpg\" width=\"300\" height=\"200\" class=\"wp-post-image wp-image-1410\" title=\"Rivi_12_1\" alt=\"Tuba kahele, terrassiga\" srcset=\"https:\/\/kurgovilla.ee\/wp-content\/uploads\/2020\/07\/Rivi_12_1-1-1024x683-300x200.jpg 300w, https:\/\/kurgovilla.ee\/wp-content\/uploads\/2020\/07\/Rivi_12_1-1-1024x683.jpg 1024w, https:\/\/kurgovilla.ee\/wp-content\/uploads\/2020\/07\/Rivi_12_1-1-768x512.jpg 768w, https:\/\/kurgovilla.ee\/wp-content\/uploads\/2020\/07\/Rivi_12_1-1-1536x1024.jpg 1536w, https:\/\/kurgovilla.ee\/wp-content\/uploads\/2020\/07\/Rivi_12_1-1-2048x1365.jpg 2048w\" sizes=\"auto, (max-width: 300px) 100vw, 300px\" \/><\/a>            <\/dt>\n                    <\/dl>\n            <dl class=\"gallery-item\">\n            <dt class=\"gallery-icon\">\n            <a data-title=\"no\" title=\"\" href=\"https:\/\/kurgovilla.ee\/wp-content\/uploads\/2020\/07\/Rivi_12_2-scaled.jpg\" data-rel=\"tb_4ad1693\" class=\"themify_lightbox\"><img loading=\"lazy\" decoding=\"async\" src=\"https:\/\/kurgovilla.ee\/wp-content\/uploads\/2020\/07\/Rivi_12_2-1024x683-300x200.jpg\" width=\"300\" height=\"200\" class=\"wp-post-image wp-image-1414\" title=\"Rivi_12_2\" alt=\"Tuba kahele, terrassiga\" srcset=\"https:\/\/kurgovilla.ee\/wp-content\/uploads\/2020\/07\/Rivi_12_2-1024x683-300x200.jpg 300w, https:\/\/kurgovilla.ee\/wp-content\/uploads\/2020\/07\/Rivi_12_2-1024x683.jpg 1024w, https:\/\/kurgovilla.ee\/wp-content\/uploads\/2020\/07\/Rivi_12_2-768x512.jpg 768w, https:\/\/kurgovilla.ee\/wp-content\/uploads\/2020\/07\/Rivi_12_2-1536x1024.jpg 1536w, https:\/\/kurgovilla.ee\/wp-content\/uploads\/2020\/07\/Rivi_12_2-2048x1365.jpg 2048w\" sizes=\"auto, (max-width: 300px) 100vw, 300px\" \/><\/a>            <\/dt>\n                    <\/dl>\n            <dl class=\"gallery-item\">\n            <dt class=\"gallery-icon\">\n            <a data-title=\"no\" title=\"\" href=\"https:\/\/kurgovilla.ee\/wp-content\/uploads\/2020\/07\/Rivi_12_3-scaled.jpg\" data-rel=\"tb_4ad1693\" class=\"themify_lightbox\"><img loading=\"lazy\" decoding=\"async\" src=\"https:\/\/kurgovilla.ee\/wp-content\/uploads\/2020\/07\/Rivi_12_3-1024x683-300x200.jpg\" width=\"300\" height=\"200\" class=\"wp-post-image wp-image-1418\" title=\"Rivi_12_3\" alt=\"Tuba kahele, terrassiga\" srcset=\"https:\/\/kurgovilla.ee\/wp-content\/uploads\/2020\/07\/Rivi_12_3-1024x683-300x200.jpg 300w, https:\/\/kurgovilla.ee\/wp-content\/uploads\/2020\/07\/Rivi_12_3-1024x683.jpg 1024w, https:\/\/kurgovilla.ee\/wp-content\/uploads\/2020\/07\/Rivi_12_3-768x512.jpg 768w, https:\/\/kurgovilla.ee\/wp-content\/uploads\/2020\/07\/Rivi_12_3-1536x1024.jpg 1536w, https:\/\/kurgovilla.ee\/wp-content\/uploads\/2020\/07\/Rivi_12_3-2048x1365.jpg 2048w\" sizes=\"auto, (max-width: 300px) 100vw, 300px\" \/><\/a>            <\/dt>\n                    <\/dl>\n            <dl class=\"gallery-item\">\n            <dt class=\"gallery-icon\">\n            <a data-title=\"no\" title=\"\" href=\"https:\/\/kurgovilla.ee\/wp-content\/uploads\/2020\/07\/DSC_2581-2-scaled.jpg\" data-rel=\"tb_4ad1693\" class=\"themify_lightbox\"><img loading=\"lazy\" decoding=\"async\" src=\"https:\/\/kurgovilla.ee\/wp-content\/uploads\/2020\/07\/DSC_2581-2-1024x683-300x200.jpg\" width=\"300\" height=\"200\" class=\"wp-post-image wp-image-1426\" title=\"DSC_2581\" alt=\"Tualett\" srcset=\"https:\/\/kurgovilla.ee\/wp-content\/uploads\/2020\/07\/DSC_2581-2-1024x683-300x200.jpg 300w, https:\/\/kurgovilla.ee\/wp-content\/uploads\/2020\/07\/DSC_2581-2-1024x683.jpg 1024w, https:\/\/kurgovilla.ee\/wp-content\/uploads\/2020\/07\/DSC_2581-2-768x513.jpg 768w, https:\/\/kurgovilla.ee\/wp-content\/uploads\/2020\/07\/DSC_2581-2-1536x1025.jpg 1536w, https:\/\/kurgovilla.ee\/wp-content\/uploads\/2020\/07\/DSC_2581-2-2048x1367.jpg 2048w\" sizes=\"auto, (max-width: 300px) 100vw, 300px\" \/><\/a>            <\/dt>\n                    <\/dl>\n    <\/div>\n<\/div>\n<!-- \/module gallery -->        <\/div>\n                        <\/div>\n        <\/div>\n        <\/div>\n<!--\/themify_builder_content-->","protected":false},"excerpt":{"rendered":"<p>PIHARAKENNUS<\/p>\n","protected":false},"author":1,"featured_media":0,"parent":2866,"menu_order":0,"comment_status":"closed","ping_status":"closed","template":"","meta":{"footnotes":""},"class_list":["post-2885","page","type-page","status-publish","hentry","has-post-title","has-post-date","has-post-category","has-post-tag","has-post-comment","has-post-author",""],"yoast_head":"<!-- This site is optimized with the Yoast SEO plugin v27.2 - https:\/\/yoast.com\/product\/yoast-seo-wordpress\/ -->\n<title>Piharakennus &#187; Kurgo Villa hotell P\u00e4rnus<\/title>\n<meta name=\"description\" content=\"Piharakennuksessa on yhteens\u00e4 14 huonetta, joissa on k\u00e4ytetty luonnollisia pintamateriaaleja, ja my\u00f6s terassi tai parveke p\u00f6ytineen ja tuoleineen.\" \/>\n<meta name=\"robots\" content=\"index, follow, max-snippet:-1, max-image-preview:large, max-video-preview:-1\" \/>\n<link rel=\"canonical\" href=\"https:\/\/kurgovilla.ee\/fi\/hotell\/hoovimaja\/\" \/>\n<meta property=\"og:locale\" content=\"fi_FI\" \/>\n<meta property=\"og:type\" content=\"article\" \/>\n<meta property=\"og:title\" content=\"Piharakennus &#187; Kurgo Villa hotell P\u00e4rnus\" \/>\n<meta property=\"og:description\" content=\"Piharakennuksessa on yhteens\u00e4 14 huonetta, joissa on k\u00e4ytetty luonnollisia pintamateriaaleja, ja my\u00f6s terassi tai parveke p\u00f6ytineen ja tuoleineen.\" \/>\n<meta property=\"og:url\" content=\"https:\/\/kurgovilla.ee\/fi\/hotell\/hoovimaja\/\" \/>\n<meta property=\"og:site_name\" content=\"Kurgovilla\" \/>\n<meta property=\"article:modified_time\" content=\"2024-07-03T11:36:55+00:00\" \/>\n<meta property=\"og:image\" content=\"https:\/\/kurgovilla.ee\/wp-content\/uploads\/2020\/07\/Tuba6-4-1-150x150.jpg\" \/>\n<meta name=\"twitter:card\" content=\"summary_large_image\" \/>\n<meta name=\"twitter:label1\" content=\"Arvioitu lukuaika\" \/>\n\t<meta name=\"twitter:data1\" content=\"1 minuutti\" \/>\n<script type=\"application\/ld+json\" class=\"yoast-schema-graph\">{\"@context\":\"https:\/\/schema.org\",\"@graph\":[{\"@type\":\"WebPage\",\"@id\":\"https:\/\/kurgovilla.ee\/fi\/hotell\/hoovimaja\/\",\"url\":\"https:\/\/kurgovilla.ee\/fi\/hotell\/hoovimaja\/\",\"name\":\"Piharakennus &#187; Kurgo Villa hotell P\u00e4rnus\",\"isPartOf\":{\"@id\":\"https:\/\/kurgovilla.ee\/#website\"},\"datePublished\":\"2020-01-29T09:47:37+00:00\",\"dateModified\":\"2024-07-03T11:36:55+00:00\",\"description\":\"Piharakennuksessa on yhteens\u00e4 14 huonetta, joissa on k\u00e4ytetty luonnollisia pintamateriaaleja, ja my\u00f6s terassi tai parveke p\u00f6ytineen ja tuoleineen.\",\"breadcrumb\":{\"@id\":\"https:\/\/kurgovilla.ee\/fi\/hotell\/hoovimaja\/#breadcrumb\"},\"inLanguage\":\"fi\",\"potentialAction\":[{\"@type\":\"ReadAction\",\"target\":[\"https:\/\/kurgovilla.ee\/fi\/hotell\/hoovimaja\/\"]}]},{\"@type\":\"BreadcrumbList\",\"@id\":\"https:\/\/kurgovilla.ee\/fi\/hotell\/hoovimaja\/#breadcrumb\",\"itemListElement\":[{\"@type\":\"ListItem\",\"position\":1,\"name\":\"Home\",\"item\":\"https:\/\/kurgovilla.ee\/\"},{\"@type\":\"ListItem\",\"position\":2,\"name\":\"Hotelli\",\"item\":\"https:\/\/kurgovilla.ee\/fi\/hotell\/\"},{\"@type\":\"ListItem\",\"position\":3,\"name\":\"Piharakennus\"}]},{\"@type\":\"WebSite\",\"@id\":\"https:\/\/kurgovilla.ee\/#website\",\"url\":\"https:\/\/kurgovilla.ee\/\",\"name\":\"Kurgovilla\",\"description\":\"\",\"publisher\":{\"@id\":\"https:\/\/kurgovilla.ee\/#organization\"},\"potentialAction\":[{\"@type\":\"SearchAction\",\"target\":{\"@type\":\"EntryPoint\",\"urlTemplate\":\"https:\/\/kurgovilla.ee\/?s={search_term_string}\"},\"query-input\":{\"@type\":\"PropertyValueSpecification\",\"valueRequired\":true,\"valueName\":\"search_term_string\"}}],\"inLanguage\":\"fi\"},{\"@type\":\"Organization\",\"@id\":\"https:\/\/kurgovilla.ee\/#organization\",\"name\":\"Kurgo Villa\",\"url\":\"https:\/\/kurgovilla.ee\/\",\"logo\":{\"@type\":\"ImageObject\",\"inLanguage\":\"fi\",\"@id\":\"https:\/\/kurgovilla.ee\/#\/schema\/logo\/image\/\",\"url\":\"https:\/\/kurgovilla.ee\/wp-content\/uploads\/2020\/03\/logo.jpg\",\"contentUrl\":\"https:\/\/kurgovilla.ee\/wp-content\/uploads\/2020\/03\/logo.jpg\",\"width\":300,\"height\":115,\"caption\":\"Kurgo Villa\"},\"image\":{\"@id\":\"https:\/\/kurgovilla.ee\/#\/schema\/logo\/image\/\"}}]}<\/script>\n<!-- \/ Yoast SEO plugin. -->","yoast_head_json":{"title":"Piharakennus &#187; Kurgo Villa hotell P\u00e4rnus","description":"Piharakennuksessa on yhteens\u00e4 14 huonetta, joissa on k\u00e4ytetty luonnollisia pintamateriaaleja, ja my\u00f6s terassi tai parveke p\u00f6ytineen ja tuoleineen.","robots":{"index":"index","follow":"follow","max-snippet":"max-snippet:-1","max-image-preview":"max-image-preview:large","max-video-preview":"max-video-preview:-1"},"canonical":"https:\/\/kurgovilla.ee\/fi\/hotell\/hoovimaja\/","og_locale":"fi_FI","og_type":"article","og_title":"Piharakennus &#187; Kurgo Villa hotell P\u00e4rnus","og_description":"Piharakennuksessa on yhteens\u00e4 14 huonetta, joissa on k\u00e4ytetty luonnollisia pintamateriaaleja, ja my\u00f6s terassi tai parveke p\u00f6ytineen ja tuoleineen.","og_url":"https:\/\/kurgovilla.ee\/fi\/hotell\/hoovimaja\/","og_site_name":"Kurgovilla","article_modified_time":"2024-07-03T11:36:55+00:00","og_image":[{"url":"https:\/\/kurgovilla.ee\/wp-content\/uploads\/2020\/07\/Tuba6-4-1-150x150.jpg","type":"","width":"","height":""}],"twitter_card":"summary_large_image","twitter_misc":{"Arvioitu lukuaika":"1 minuutti"},"schema":{"@context":"https:\/\/schema.org","@graph":[{"@type":"WebPage","@id":"https:\/\/kurgovilla.ee\/fi\/hotell\/hoovimaja\/","url":"https:\/\/kurgovilla.ee\/fi\/hotell\/hoovimaja\/","name":"Piharakennus &#187; Kurgo Villa hotell P\u00e4rnus","isPartOf":{"@id":"https:\/\/kurgovilla.ee\/#website"},"datePublished":"2020-01-29T09:47:37+00:00","dateModified":"2024-07-03T11:36:55+00:00","description":"Piharakennuksessa on yhteens\u00e4 14 huonetta, joissa on k\u00e4ytetty luonnollisia pintamateriaaleja, ja my\u00f6s terassi tai parveke p\u00f6ytineen ja tuoleineen.","breadcrumb":{"@id":"https:\/\/kurgovilla.ee\/fi\/hotell\/hoovimaja\/#breadcrumb"},"inLanguage":"fi","potentialAction":[{"@type":"ReadAction","target":["https:\/\/kurgovilla.ee\/fi\/hotell\/hoovimaja\/"]}]},{"@type":"BreadcrumbList","@id":"https:\/\/kurgovilla.ee\/fi\/hotell\/hoovimaja\/#breadcrumb","itemListElement":[{"@type":"ListItem","position":1,"name":"Home","item":"https:\/\/kurgovilla.ee\/"},{"@type":"ListItem","position":2,"name":"Hotelli","item":"https:\/\/kurgovilla.ee\/fi\/hotell\/"},{"@type":"ListItem","position":3,"name":"Piharakennus"}]},{"@type":"WebSite","@id":"https:\/\/kurgovilla.ee\/#website","url":"https:\/\/kurgovilla.ee\/","name":"Kurgovilla","description":"","publisher":{"@id":"https:\/\/kurgovilla.ee\/#organization"},"potentialAction":[{"@type":"SearchAction","target":{"@type":"EntryPoint","urlTemplate":"https:\/\/kurgovilla.ee\/?s={search_term_string}"},"query-input":{"@type":"PropertyValueSpecification","valueRequired":true,"valueName":"search_term_string"}}],"inLanguage":"fi"},{"@type":"Organization","@id":"https:\/\/kurgovilla.ee\/#organization","name":"Kurgo Villa","url":"https:\/\/kurgovilla.ee\/","logo":{"@type":"ImageObject","inLanguage":"fi","@id":"https:\/\/kurgovilla.ee\/#\/schema\/logo\/image\/","url":"https:\/\/kurgovilla.ee\/wp-content\/uploads\/2020\/03\/logo.jpg","contentUrl":"https:\/\/kurgovilla.ee\/wp-content\/uploads\/2020\/03\/logo.jpg","width":300,"height":115,"caption":"Kurgo Villa"},"image":{"@id":"https:\/\/kurgovilla.ee\/#\/schema\/logo\/image\/"}}]}},"builder_content":"<h1 style=\"text-align: center;\">PIHARAKENNUS<\/h1>\n<p>Piharakennuksessa on yhteens\u00e4 15 huonetta, joissa on k\u00e4ytetty luonnollisia pintamateriaaleja. Jokaisessa huoneessa on terassi tai parveke sek\u00e4 p\u00f6yt\u00e4 ja tuolit auringosta ja my\u00f6s kes\u00e4sateen ropinasta nauttimiseen.<\/p>\n<h3 style=\"text-align: center;\">I KERROS<\/h3>\n[gallery ids=\"1400,1392,1396,1404\"]\n<h3 style=\"text-align: center;\">II KERROS<\/h3>\n[gallery ids=\"1410,1414,1418,1426\"]","_links":{"self":[{"href":"https:\/\/kurgovilla.ee\/fi\/wp-json\/wp\/v2\/pages\/2885","targetHints":{"allow":["GET"]}}],"collection":[{"href":"https:\/\/kurgovilla.ee\/fi\/wp-json\/wp\/v2\/pages"}],"about":[{"href":"https:\/\/kurgovilla.ee\/fi\/wp-json\/wp\/v2\/types\/page"}],"author":[{"embeddable":true,"href":"https:\/\/kurgovilla.ee\/fi\/wp-json\/wp\/v2\/users\/1"}],"replies":[{"embeddable":true,"href":"https:\/\/kurgovilla.ee\/fi\/wp-json\/wp\/v2\/comments?post=2885"}],"version-history":[{"count":8,"href":"https:\/\/kurgovilla.ee\/fi\/wp-json\/wp\/v2\/pages\/2885\/revisions"}],"predecessor-version":[{"id":2894,"href":"https:\/\/kurgovilla.ee\/fi\/wp-json\/wp\/v2\/pages\/2885\/revisions\/2894"}],"up":[{"embeddable":true,"href":"https:\/\/kurgovilla.ee\/fi\/wp-json\/wp\/v2\/pages\/2866"}],"wp:attachment":[{"href":"https:\/\/kurgovilla.ee\/fi\/wp-json\/wp\/v2\/media?parent=2885"}],"curies":[{"name":"wp","href":"https:\/\/api.w.org\/{rel}","templated":true}]}}