{"id":2899,"date":"2021-03-08T11:45:02","date_gmt":"2021-03-08T11:45:02","guid":{"rendered":"https:\/\/kurgovilla.ee\/restoran\/"},"modified":"2026-02-18T14:23:45","modified_gmt":"2026-02-18T14:23:45","slug":"restoran","status":"publish","type":"page","link":"https:\/\/kurgovilla.ee\/fi\/restoran\/","title":{"rendered":"Ravintola"},"content":{"rendered":"<!--themify_builder_content-->\n<div id=\"themify_builder_content-2899\" data-postid=\"2899\" class=\"themify_builder_content themify_builder_content-2899 themify_builder tf_clear\">\n                    <div  data-css_id=\"i1c2646\" data-lazy=\"1\" class=\"module_row themify_builder_row fullwidth_row_container tb_i1c2646 tb_first tf_w hide-mobile\">\n                        <div class=\"row_inner col_align_top tb_col_count_1 tf_box tf_rel\">\n                        <div  data-lazy=\"1\" class=\"module_column tb-column col-full tb_cr7b646 first\">\n                    <!-- module gallery -->\n<div  class=\"module gallery module-gallery tb_1t88646 layout-grid  \" data-lazy=\"1\">\n    <div class=\"module-gallery-grid\" style=\"--gald:4;--galt:4;--galm:4\">\n            <dl class=\"gallery-item\">\n            <dt class=\"gallery-icon\">\n            <a data-title=\"\" title=\"Kurgo Villa\" href=\"https:\/\/kurgovilla.ee\/wp-content\/uploads\/2020\/07\/Oue_pildid_3-scaled.jpg\" data-rel=\"tb_1t88646\" class=\"themify_lightbox\"><img loading=\"lazy\" decoding=\"async\" src=\"https:\/\/kurgovilla.ee\/wp-content\/uploads\/2020\/07\/Oue_pildid_3-1024x683-300x200.jpg\" width=\"300\" height=\"200\" class=\"wp-post-image wp-image-3008\" title=\"Kurgo Villa\" alt=\"Kurgo Villa\" srcset=\"https:\/\/kurgovilla.ee\/wp-content\/uploads\/2020\/07\/Oue_pildid_3-1024x683-300x200.jpg 300w, https:\/\/kurgovilla.ee\/wp-content\/uploads\/2020\/07\/Oue_pildid_3-1024x683.jpg 1024w, https:\/\/kurgovilla.ee\/wp-content\/uploads\/2020\/07\/Oue_pildid_3-768x512.jpg 768w, https:\/\/kurgovilla.ee\/wp-content\/uploads\/2020\/07\/Oue_pildid_3-1536x1024.jpg 1536w, https:\/\/kurgovilla.ee\/wp-content\/uploads\/2020\/07\/Oue_pildid_3-2048x1365.jpg 2048w\" sizes=\"auto, (max-width: 300px) 100vw, 300px\" \/><\/a>            <\/dt>\n                    <\/dl>\n            <dl class=\"gallery-item\">\n            <dt class=\"gallery-icon\">\n            <a data-title=\"\" title=\"kurgovilla\" href=\"https:\/\/kurgovilla.ee\/wp-content\/uploads\/2023\/08\/KUV_5412.jpg\" data-rel=\"tb_1t88646\" class=\"themify_lightbox\"><img loading=\"lazy\" decoding=\"async\" src=\"https:\/\/kurgovilla.ee\/wp-content\/uploads\/2023\/08\/KUV_5412-1024x683-300x200.jpg\" width=\"300\" height=\"200\" class=\"wp-post-image wp-image-2496\" title=\"kurgovilla\" alt=\"kurgovilla\" srcset=\"https:\/\/kurgovilla.ee\/wp-content\/uploads\/2023\/08\/KUV_5412-1024x683-300x200.jpg 300w, https:\/\/kurgovilla.ee\/wp-content\/uploads\/2023\/08\/KUV_5412-1024x683.jpg 1024w, https:\/\/kurgovilla.ee\/wp-content\/uploads\/2023\/08\/KUV_5412-768x512.jpg 768w, https:\/\/kurgovilla.ee\/wp-content\/uploads\/2023\/08\/KUV_5412-1536x1024.jpg 1536w, https:\/\/kurgovilla.ee\/wp-content\/uploads\/2023\/08\/KUV_5412.jpg 2048w\" sizes=\"auto, (max-width: 300px) 100vw, 300px\" \/><\/a>            <\/dt>\n                    <\/dl>\n            <dl class=\"gallery-item\">\n            <dt class=\"gallery-icon\">\n            <a data-title=\"\" title=\"kurgovilla\" href=\"https:\/\/kurgovilla.ee\/wp-content\/uploads\/2023\/08\/KUR_2300.jpg\" data-rel=\"tb_1t88646\" class=\"themify_lightbox\"><img loading=\"lazy\" decoding=\"async\" src=\"https:\/\/kurgovilla.ee\/wp-content\/uploads\/2023\/08\/KUR_2300-1024x683-300x200.jpg\" width=\"300\" height=\"200\" class=\"wp-post-image wp-image-2492\" title=\"kurgovilla\" alt=\"kurgovilla\" srcset=\"https:\/\/kurgovilla.ee\/wp-content\/uploads\/2023\/08\/KUR_2300-1024x683-300x200.jpg 300w, https:\/\/kurgovilla.ee\/wp-content\/uploads\/2023\/08\/KUR_2300-1024x683.jpg 1024w, https:\/\/kurgovilla.ee\/wp-content\/uploads\/2023\/08\/KUR_2300-768x512.jpg 768w, https:\/\/kurgovilla.ee\/wp-content\/uploads\/2023\/08\/KUR_2300-1536x1024.jpg 1536w, https:\/\/kurgovilla.ee\/wp-content\/uploads\/2023\/08\/KUR_2300.jpg 2048w\" sizes=\"auto, (max-width: 300px) 100vw, 300px\" \/><\/a>            <\/dt>\n                    <\/dl>\n            <dl class=\"gallery-item\">\n            <dt class=\"gallery-icon\">\n            <a data-title=\"\" title=\"kurgovilla\" href=\"https:\/\/kurgovilla.ee\/wp-content\/uploads\/2023\/08\/Restoran-10.jpg\" data-rel=\"tb_1t88646\" class=\"themify_lightbox\"><img loading=\"lazy\" decoding=\"async\" src=\"https:\/\/kurgovilla.ee\/wp-content\/uploads\/2023\/08\/Restoran-10-1024x688-300x200.jpg\" width=\"300\" height=\"200\" class=\"wp-post-image wp-image-2488\" title=\"kurgovilla\" alt=\"kurgovilla\"><\/a>            <\/dt>\n                    <\/dl>\n    <\/div>\n<\/div>\n<!-- \/module gallery -->        <\/div>\n                        <\/div>\n        <\/div>\n                        <div  data-lazy=\"1\" class=\"module_row themify_builder_row tb_mhm056 tf_w\">\n                        <div class=\"row_inner col_align_top tb_col_count_1 tf_box tf_rel\">\n                        <div  data-lazy=\"1\" class=\"module_column tb-column col-full tb_hy4n56 first\">\n                    <!-- module text -->\n<div  class=\"module module-text tb_iwk856   \" data-lazy=\"1\">\n        <div  class=\"tb_text_wrap\">\n        <h1 style=\"text-align: center;\">Ravintola Kurgo<\/h1>    <\/div>\n<\/div>\n<!-- \/module text -->        <\/div>\n                        <\/div>\n        <\/div>\n                        <div  data-lazy=\"1\" class=\"module_row themify_builder_row tb_dqhm326 tf_w\">\n                        <div class=\"row_inner col_align_top tb_col_count_2 tf_box tf_rel\">\n                        <div  data-lazy=\"1\" class=\"module_column tb-column col3-2 tb_t0eq330 first\">\n                    <!-- module text -->\n<div  class=\"module module-text tb_8b6b626   \" data-lazy=\"1\">\n        <div  class=\"tb_text_wrap\">\n        <h2>ESITTELY<\/h2>    <\/div>\n<\/div>\n<!-- \/module text --><!-- module divider -->\n<div  class=\"module tf_mw module-divider tb_1qb2298 solid  divider-custom divider-left\" style=\"border-width: 3px;border-color: #50ab5c;max-width: 200px;\" data-lazy=\"1\">\n    <\/div>\n<!-- \/module divider -->\n<!-- module text -->\n<div  class=\"module module-text tb_eh4h885   \" data-lazy=\"1\">\n        <div  class=\"tb_text_wrap\">\n        <p>Aloita p\u00e4iv\u00e4si aamiaisella Kurgo-ravintolassa.<\/p>\n<p>Keitti\u00f6mestari Jarno Nittim on koonnut Kurgo Villan vieraille houkuttelevan aamiaismenun.<\/p>\n<p>Pyyd\u00e4mme vieraita, joilla on ruoka-intoleranssi, ilmoittamaan siit\u00e4 meille etuk\u00e4teen, jotta voimme ottaa t\u00e4m\u00e4n huomioon.<\/p>\n<p>Aamiainen:<br>ma-su 8-11<\/p>    <\/div>\n<\/div>\n<!-- \/module text --><!-- module text -->\n<div  class=\"module module-text tb_ttrr10   \" data-lazy=\"1\">\n        <div  class=\"tb_text_wrap\">\n        <p>Ravintola Kurgo<br>Papli 13, 80012 P\u00e4rnu, Viro<br><a href=\"mailto:info@kurgorestoran.ee\">info@kurgorestoran.ee<\/a><br><a href=\"https:\/\/www.kurgorestoran.ee\/\">www.kurgorestoran.ee<\/a><\/p>\n<p>(+372) 5784 2017<\/p>\n<p>ECLANO O\u00dc<\/p>\n<p>Yritystunnus: 17297553<\/p>\n<p>Virolainen alv-numero: EE102888065<\/p>    <\/div>\n<\/div>\n<!-- \/module text -->        <\/div>\n                    <div  data-lazy=\"1\" class=\"module_column tb-column col3-1 tb_p9ma905 last\">\n                    <!-- module text -->\n<div  class=\"module module-text tb_0jdy749   \" data-lazy=\"1\">\n        <div  class=\"tb_text_wrap\">\n        <h2>Galerii<\/h2>    <\/div>\n<\/div>\n<!-- \/module text --><!-- module divider -->\n<div  class=\"module tf_mw module-divider tb_xvhr471 solid  divider-custom divider-left\" style=\"border-width: 3px;border-color: #50ab5c;max-width: 200px;\" data-lazy=\"1\">\n    <\/div>\n<!-- \/module divider -->\n<!-- module gallery -->\n<div  class=\"module gallery module-gallery tb_vowd796 layout-grid  \" data-lazy=\"1\">\n    <div class=\"module-gallery-grid\" style=\"--gald:2;--galt:2;--galm:2\">\n            <dl class=\"gallery-item\">\n            <dt class=\"gallery-icon\">\n            <a data-title=\"\" title=\"Jarno Nittim\" href=\"https:\/\/kurgovilla.ee\/wp-content\/uploads\/2024\/07\/Kurgo_RiinNurk00136-scaled.jpg\" data-rel=\"tb_vowd796\" class=\"themify_lightbox\"><img loading=\"lazy\" decoding=\"async\" src=\"https:\/\/kurgovilla.ee\/wp-content\/uploads\/2024\/07\/Kurgo_RiinNurk00136-1024x683-300x250.jpg\" width=\"300\" height=\"250\" class=\"wp-post-image wp-image-2981\" title=\"Kurgo Restoran\" alt=\"Kurgo Restoran\"><\/a>            <\/dt>\n                    <\/dl>\n            <dl class=\"gallery-item\">\n            <dt class=\"gallery-icon\">\n            <a data-title=\"\" title=\"Kurgo Restoran\" href=\"https:\/\/kurgovilla.ee\/wp-content\/uploads\/2021\/03\/Restoran-1-1.jpg\" data-rel=\"tb_vowd796\" class=\"themify_lightbox\"><img loading=\"lazy\" decoding=\"async\" src=\"https:\/\/kurgovilla.ee\/wp-content\/uploads\/2021\/03\/Restoran-1-1-1024x683-300x250.jpg\" width=\"300\" height=\"250\" class=\"wp-post-image wp-image-2986\" title=\"Kurgo Restoran\" alt=\"Kurgo Restoran\"><\/a>            <\/dt>\n                    <\/dl>\n            <dl class=\"gallery-item\">\n            <dt class=\"gallery-icon\">\n            <a data-title=\"\" title=\"\" href=\"https:\/\/kurgovilla.ee\/wp-content\/uploads\/2025\/04\/Kurgo-kevad_RiinNurk00027-scaled.jpg\" data-rel=\"tb_vowd796\" class=\"themify_lightbox\"><img loading=\"lazy\" decoding=\"async\" src=\"https:\/\/kurgovilla.ee\/wp-content\/uploads\/2025\/04\/Kurgo-kevad_RiinNurk00027-1024x683-300x250.jpg\" width=\"300\" height=\"250\" class=\"wp-post-image wp-image-3188\" title=\"Kurgo-kevad_RiinNurk00027\" alt=\"Kurgo-kevad_RiinNurk00027\"><\/a>            <\/dt>\n                    <\/dl>\n            <dl class=\"gallery-item\">\n            <dt class=\"gallery-icon\">\n            <a data-title=\"\" title=\"\" href=\"https:\/\/kurgovilla.ee\/wp-content\/uploads\/2025\/04\/Kurgo-kevad_RiinNurk00034-scaled.jpg\" data-rel=\"tb_vowd796\" class=\"themify_lightbox\"><img loading=\"lazy\" decoding=\"async\" src=\"https:\/\/kurgovilla.ee\/wp-content\/uploads\/2025\/04\/Kurgo-kevad_RiinNurk00034-1024x683-300x250.jpg\" width=\"300\" height=\"250\" class=\"wp-post-image wp-image-3198\" title=\"Kurgo-kevad_RiinNurk00034\" alt=\"Kurgo-kevad_RiinNurk00034\"><\/a>            <\/dt>\n                    <\/dl>\n            <dl class=\"gallery-item\">\n            <dt class=\"gallery-icon\">\n            <a data-title=\"\" title=\"Kurgo Restoran \" href=\"https:\/\/kurgovilla.ee\/wp-content\/uploads\/2021\/03\/Restoran-7.jpg\" data-rel=\"tb_vowd796\" class=\"themify_lightbox\"><img loading=\"lazy\" decoding=\"async\" src=\"https:\/\/kurgovilla.ee\/wp-content\/uploads\/2021\/03\/Restoran-7-1024x695-300x250.jpg\" width=\"300\" height=\"250\" class=\"wp-post-image wp-image-2987\" title=\"Kurgo Restoran\" alt=\"Kurgo Restoran\"><\/a>            <\/dt>\n                    <\/dl>\n            <dl class=\"gallery-item\">\n            <dt class=\"gallery-icon\">\n            <a data-title=\"\" title=\"\" href=\"https:\/\/kurgovilla.ee\/wp-content\/uploads\/2025\/04\/Kurgo-kevad_RiinNurk00058-scaled.jpg\" data-rel=\"tb_vowd796\" class=\"themify_lightbox\"><img loading=\"lazy\" decoding=\"async\" src=\"https:\/\/kurgovilla.ee\/wp-content\/uploads\/2025\/04\/Kurgo-kevad_RiinNurk00058-683x1024-300x250.jpg\" width=\"300\" height=\"250\" class=\"wp-post-image wp-image-3213\" title=\"Kurgo-kevad_RiinNurk00058\" alt=\"Kurgo-kevad_RiinNurk00058\"><\/a>            <\/dt>\n                    <\/dl>\n            <dl class=\"gallery-item\">\n            <dt class=\"gallery-icon\">\n            <a data-title=\"\" title=\"\" href=\"https:\/\/kurgovilla.ee\/wp-content\/uploads\/2025\/04\/Kurgo-kevad_RiinNurk00031-scaled.jpg\" data-rel=\"tb_vowd796\" class=\"themify_lightbox\"><img loading=\"lazy\" decoding=\"async\" src=\"https:\/\/kurgovilla.ee\/wp-content\/uploads\/2025\/04\/Kurgo-kevad_RiinNurk00031-1024x683-300x250.jpg\" width=\"300\" height=\"250\" class=\"wp-post-image wp-image-3193\" title=\"Kurgo-kevad_RiinNurk00031\" alt=\"Kurgo-kevad_RiinNurk00031\"><\/a>            <\/dt>\n                    <\/dl>\n            <dl class=\"gallery-item\">\n            <dt class=\"gallery-icon\">\n            <a data-title=\"\" title=\"Kurgo Restoran \" href=\"https:\/\/kurgovilla.ee\/wp-content\/uploads\/2021\/03\/Restoran-6.jpg\" data-rel=\"tb_vowd796\" class=\"themify_lightbox\"><img loading=\"lazy\" decoding=\"async\" src=\"https:\/\/kurgovilla.ee\/wp-content\/uploads\/2021\/03\/Restoran-6-1024x668-300x250.jpg\" width=\"300\" height=\"250\" class=\"wp-post-image wp-image-2988\" title=\"Kurgo Restoran\" alt=\"Kurgo Restoran\"><\/a>            <\/dt>\n                    <\/dl>\n            <dl class=\"gallery-item\">\n            <dt class=\"gallery-icon\">\n            <a data-title=\"\" title=\"\" href=\"https:\/\/kurgovilla.ee\/wp-content\/uploads\/2025\/04\/Kurgo-kevad_RiinNurk00047-scaled.jpg\" data-rel=\"tb_vowd796\" class=\"themify_lightbox\"><img loading=\"lazy\" decoding=\"async\" src=\"https:\/\/kurgovilla.ee\/wp-content\/uploads\/2025\/04\/Kurgo-kevad_RiinNurk00047-683x1024-300x250.jpg\" width=\"300\" height=\"250\" class=\"wp-post-image wp-image-3203\" title=\"Kurgo-kevad_RiinNurk00047\" alt=\"Kurgo-kevad_RiinNurk00047\"><\/a>            <\/dt>\n                    <\/dl>\n            <dl class=\"gallery-item\">\n            <dt class=\"gallery-icon\">\n            <a data-title=\"\" title=\"\" href=\"https:\/\/kurgovilla.ee\/wp-content\/uploads\/2025\/04\/Kurgo-kevad_RiinNurk00054-scaled.jpg\" data-rel=\"tb_vowd796\" class=\"themify_lightbox\"><img loading=\"lazy\" decoding=\"async\" src=\"https:\/\/kurgovilla.ee\/wp-content\/uploads\/2025\/04\/Kurgo-kevad_RiinNurk00054-683x1024-300x250.jpg\" width=\"300\" height=\"250\" class=\"wp-post-image wp-image-3208\" title=\"Kurgo-kevad_RiinNurk00054\" alt=\"Kurgo-kevad_RiinNurk00054\"><\/a>            <\/dt>\n                    <\/dl>\n    <\/div>\n<\/div>\n<!-- \/module gallery -->        <\/div>\n                        <\/div>\n        <\/div>\n        <\/div>\n<!--\/themify_builder_content-->","protected":false},"excerpt":{"rendered":"<p>Ravintola Kurgo<\/p>\n","protected":false},"author":1,"featured_media":0,"parent":0,"menu_order":0,"comment_status":"closed","ping_status":"closed","template":"","meta":{"footnotes":""},"class_list":["post-2899","page","type-page","status-publish","hentry","has-post-title","has-post-date","has-post-category","has-post-tag","has-post-comment","has-post-author",""],"yoast_head":"<!-- This site is optimized with the Yoast SEO plugin v27.4 - https:\/\/yoast.com\/product\/yoast-seo-wordpress\/ -->\n<title>Ravintola P\u00e4rnus &#187; Kurgovilla<\/title>\n<meta name=\"description\" content=\"Aloita p\u00e4iv\u00e4 aamiaisella Kurgon ravintolassa. Keitti\u00f6mestari Jarno Nittim on koonnut Kurgo Villan vieraille houkuttelevan aamiaismenun.\" \/>\n<meta name=\"robots\" content=\"index, follow, max-snippet:-1, max-image-preview:large, max-video-preview:-1\" \/>\n<link rel=\"canonical\" href=\"https:\/\/kurgovilla.ee\/fi\/restoran\/\" \/>\n<meta property=\"og:locale\" content=\"fi_FI\" \/>\n<meta property=\"og:type\" content=\"article\" \/>\n<meta property=\"og:title\" content=\"Ravintola P\u00e4rnus &#187; Kurgovilla\" \/>\n<meta property=\"og:description\" content=\"Aloita p\u00e4iv\u00e4 aamiaisella Kurgon ravintolassa. Keitti\u00f6mestari Jarno Nittim on koonnut Kurgo Villan vieraille houkuttelevan aamiaismenun.\" \/>\n<meta property=\"og:url\" content=\"https:\/\/kurgovilla.ee\/fi\/restoran\/\" \/>\n<meta property=\"og:site_name\" content=\"Kurgovilla\" \/>\n<meta property=\"article:modified_time\" content=\"2026-02-18T14:23:45+00:00\" \/>\n<meta property=\"og:image\" content=\"https:\/\/kurgovilla.ee\/wp-content\/uploads\/2020\/07\/Oue_pildid_3-150x150.jpg\" \/>\n<meta name=\"twitter:card\" content=\"summary_large_image\" \/>\n<meta name=\"twitter:label1\" content=\"Arvioitu lukuaika\" \/>\n\t<meta name=\"twitter:data1\" content=\"1 minuutti\" \/>\n<script type=\"application\/ld+json\" class=\"yoast-schema-graph\">{\"@context\":\"https:\\\/\\\/schema.org\",\"@graph\":[{\"@type\":\"WebPage\",\"@id\":\"https:\\\/\\\/kurgovilla.ee\\\/fi\\\/restoran\\\/\",\"url\":\"https:\\\/\\\/kurgovilla.ee\\\/fi\\\/restoran\\\/\",\"name\":\"Ravintola P\u00e4rnus &#187; Kurgovilla\",\"isPartOf\":{\"@id\":\"https:\\\/\\\/kurgovilla.ee\\\/#website\"},\"datePublished\":\"2021-03-08T11:45:02+00:00\",\"dateModified\":\"2026-02-18T14:23:45+00:00\",\"description\":\"Aloita p\u00e4iv\u00e4 aamiaisella Kurgon ravintolassa. Keitti\u00f6mestari Jarno Nittim on koonnut Kurgo Villan vieraille houkuttelevan aamiaismenun.\",\"breadcrumb\":{\"@id\":\"https:\\\/\\\/kurgovilla.ee\\\/fi\\\/restoran\\\/#breadcrumb\"},\"inLanguage\":\"fi\",\"potentialAction\":[{\"@type\":\"ReadAction\",\"target\":[\"https:\\\/\\\/kurgovilla.ee\\\/fi\\\/restoran\\\/\"]}]},{\"@type\":\"BreadcrumbList\",\"@id\":\"https:\\\/\\\/kurgovilla.ee\\\/fi\\\/restoran\\\/#breadcrumb\",\"itemListElement\":[{\"@type\":\"ListItem\",\"position\":1,\"name\":\"Home\",\"item\":\"https:\\\/\\\/kurgovilla.ee\\\/\"},{\"@type\":\"ListItem\",\"position\":2,\"name\":\"Ravintola\"}]},{\"@type\":\"WebSite\",\"@id\":\"https:\\\/\\\/kurgovilla.ee\\\/#website\",\"url\":\"https:\\\/\\\/kurgovilla.ee\\\/\",\"name\":\"Kurgovilla\",\"description\":\"\",\"publisher\":{\"@id\":\"https:\\\/\\\/kurgovilla.ee\\\/#organization\"},\"potentialAction\":[{\"@type\":\"SearchAction\",\"target\":{\"@type\":\"EntryPoint\",\"urlTemplate\":\"https:\\\/\\\/kurgovilla.ee\\\/?s={search_term_string}\"},\"query-input\":{\"@type\":\"PropertyValueSpecification\",\"valueRequired\":true,\"valueName\":\"search_term_string\"}}],\"inLanguage\":\"fi\"},{\"@type\":\"Organization\",\"@id\":\"https:\\\/\\\/kurgovilla.ee\\\/#organization\",\"name\":\"Kurgo Villa\",\"url\":\"https:\\\/\\\/kurgovilla.ee\\\/\",\"logo\":{\"@type\":\"ImageObject\",\"inLanguage\":\"fi\",\"@id\":\"https:\\\/\\\/kurgovilla.ee\\\/#\\\/schema\\\/logo\\\/image\\\/\",\"url\":\"https:\\\/\\\/kurgovilla.ee\\\/wp-content\\\/uploads\\\/2020\\\/03\\\/logo.jpg\",\"contentUrl\":\"https:\\\/\\\/kurgovilla.ee\\\/wp-content\\\/uploads\\\/2020\\\/03\\\/logo.jpg\",\"width\":300,\"height\":115,\"caption\":\"Kurgo Villa\"},\"image\":{\"@id\":\"https:\\\/\\\/kurgovilla.ee\\\/#\\\/schema\\\/logo\\\/image\\\/\"}}]}<\/script>\n<!-- \/ Yoast SEO plugin. -->","yoast_head_json":{"title":"Ravintola P\u00e4rnus &#187; Kurgovilla","description":"Aloita p\u00e4iv\u00e4 aamiaisella Kurgon ravintolassa. Keitti\u00f6mestari Jarno Nittim on koonnut Kurgo Villan vieraille houkuttelevan aamiaismenun.","robots":{"index":"index","follow":"follow","max-snippet":"max-snippet:-1","max-image-preview":"max-image-preview:large","max-video-preview":"max-video-preview:-1"},"canonical":"https:\/\/kurgovilla.ee\/fi\/restoran\/","og_locale":"fi_FI","og_type":"article","og_title":"Ravintola P\u00e4rnus &#187; Kurgovilla","og_description":"Aloita p\u00e4iv\u00e4 aamiaisella Kurgon ravintolassa. Keitti\u00f6mestari Jarno Nittim on koonnut Kurgo Villan vieraille houkuttelevan aamiaismenun.","og_url":"https:\/\/kurgovilla.ee\/fi\/restoran\/","og_site_name":"Kurgovilla","article_modified_time":"2026-02-18T14:23:45+00:00","og_image":[{"url":"https:\/\/kurgovilla.ee\/wp-content\/uploads\/2020\/07\/Oue_pildid_3-150x150.jpg","type":"","width":"","height":""}],"twitter_card":"summary_large_image","twitter_misc":{"Arvioitu lukuaika":"1 minuutti"},"schema":{"@context":"https:\/\/schema.org","@graph":[{"@type":"WebPage","@id":"https:\/\/kurgovilla.ee\/fi\/restoran\/","url":"https:\/\/kurgovilla.ee\/fi\/restoran\/","name":"Ravintola P\u00e4rnus &#187; Kurgovilla","isPartOf":{"@id":"https:\/\/kurgovilla.ee\/#website"},"datePublished":"2021-03-08T11:45:02+00:00","dateModified":"2026-02-18T14:23:45+00:00","description":"Aloita p\u00e4iv\u00e4 aamiaisella Kurgon ravintolassa. Keitti\u00f6mestari Jarno Nittim on koonnut Kurgo Villan vieraille houkuttelevan aamiaismenun.","breadcrumb":{"@id":"https:\/\/kurgovilla.ee\/fi\/restoran\/#breadcrumb"},"inLanguage":"fi","potentialAction":[{"@type":"ReadAction","target":["https:\/\/kurgovilla.ee\/fi\/restoran\/"]}]},{"@type":"BreadcrumbList","@id":"https:\/\/kurgovilla.ee\/fi\/restoran\/#breadcrumb","itemListElement":[{"@type":"ListItem","position":1,"name":"Home","item":"https:\/\/kurgovilla.ee\/"},{"@type":"ListItem","position":2,"name":"Ravintola"}]},{"@type":"WebSite","@id":"https:\/\/kurgovilla.ee\/#website","url":"https:\/\/kurgovilla.ee\/","name":"Kurgovilla","description":"","publisher":{"@id":"https:\/\/kurgovilla.ee\/#organization"},"potentialAction":[{"@type":"SearchAction","target":{"@type":"EntryPoint","urlTemplate":"https:\/\/kurgovilla.ee\/?s={search_term_string}"},"query-input":{"@type":"PropertyValueSpecification","valueRequired":true,"valueName":"search_term_string"}}],"inLanguage":"fi"},{"@type":"Organization","@id":"https:\/\/kurgovilla.ee\/#organization","name":"Kurgo Villa","url":"https:\/\/kurgovilla.ee\/","logo":{"@type":"ImageObject","inLanguage":"fi","@id":"https:\/\/kurgovilla.ee\/#\/schema\/logo\/image\/","url":"https:\/\/kurgovilla.ee\/wp-content\/uploads\/2020\/03\/logo.jpg","contentUrl":"https:\/\/kurgovilla.ee\/wp-content\/uploads\/2020\/03\/logo.jpg","width":300,"height":115,"caption":"Kurgo Villa"},"image":{"@id":"https:\/\/kurgovilla.ee\/#\/schema\/logo\/image\/"}}]}},"builder_content":"[gallery ids=\"1175,2496,2492,2488\"]\n<h1 style=\"text-align: center;\">Ravintola Kurgo<\/h1>\n<h2>ESITTELY<\/h2>\n\n<p>Aloita p\u00e4iv\u00e4si aamiaisella Kurgo-ravintolassa.<\/p> <p>Keitti\u00f6mestari Jarno Nittim on koonnut Kurgo Villan vieraille houkuttelevan aamiaismenun.<\/p> <p>Pyyd\u00e4mme vieraita, joilla on ruoka-intoleranssi, ilmoittamaan siit\u00e4 meille etuk\u00e4teen, jotta voimme ottaa t\u00e4m\u00e4n huomioon.<\/p> <p>Aamiainen:<br>ma-su 8-11<\/p>\n<p>Ravintola Kurgo<br>Papli 13, 80012 P\u00e4rnu, Viro<br><a href=\"mailto:info@kurgorestoran.ee\">info@kurgorestoran.ee<\/a><br><a href=\"https:\/\/www.kurgorestoran.ee\/\">www.kurgorestoran.ee<\/a><\/p> <p>(+372) 5784 2017<\/p> <p>ECLANO O\u00dc<\/p> <p>Yritystunnus: 17297553<\/p> <p>Virolainen alv-numero: EE102888065<\/p>\n<h2>Galerii<\/h2>\n\n[gallery ids=\"2981,2986,3188,3198,2987,3213,3193,2988,3203,3208\"]","_links":{"self":[{"href":"https:\/\/kurgovilla.ee\/fi\/wp-json\/wp\/v2\/pages\/2899","targetHints":{"allow":["GET"]}}],"collection":[{"href":"https:\/\/kurgovilla.ee\/fi\/wp-json\/wp\/v2\/pages"}],"about":[{"href":"https:\/\/kurgovilla.ee\/fi\/wp-json\/wp\/v2\/types\/page"}],"author":[{"embeddable":true,"href":"https:\/\/kurgovilla.ee\/fi\/wp-json\/wp\/v2\/users\/1"}],"replies":[{"embeddable":true,"href":"https:\/\/kurgovilla.ee\/fi\/wp-json\/wp\/v2\/comments?post=2899"}],"version-history":[{"count":43,"href":"https:\/\/kurgovilla.ee\/fi\/wp-json\/wp\/v2\/pages\/2899\/revisions"}],"predecessor-version":[{"id":3474,"href":"https:\/\/kurgovilla.ee\/fi\/wp-json\/wp\/v2\/pages\/2899\/revisions\/3474"}],"wp:attachment":[{"href":"https:\/\/kurgovilla.ee\/fi\/wp-json\/wp\/v2\/media?parent=2899"}],"curies":[{"name":"wp","href":"https:\/\/api.w.org\/{rel}","templated":true}]}}