{"id":2916,"date":"2020-01-29T10:38:19","date_gmt":"2020-01-29T10:38:19","guid":{"rendered":"https:\/\/kurgovilla.ee\/kontakt\/"},"modified":"2026-02-10T15:03:32","modified_gmt":"2026-02-10T15:03:32","slug":"kontakt","status":"publish","type":"page","link":"https:\/\/kurgovilla.ee\/fi\/kontakt\/","title":{"rendered":"Yhteystiedot"},"content":{"rendered":"<!--themify_builder_content-->\n<div id=\"themify_builder_content-2916\" data-postid=\"2916\" class=\"themify_builder_content themify_builder_content-2916 themify_builder tf_clear\">\n                    <div  data-css_id=\"dvhn64\" data-lazy=\"1\" class=\"module_row themify_builder_row fullwidth_row_container tb_dvhn64 tb_first tf_w hide-mobile\">\n                        <div class=\"row_inner col_align_top tb_col_count_1 tf_box tf_rel\">\n                        <div  data-lazy=\"1\" class=\"module_column tb-column col-full tb_2bzl64 first\">\n                    <!-- module gallery -->\n<div  class=\"module gallery module-gallery tb_apff813 layout-grid  \" data-lazy=\"1\">\n    <div class=\"module-gallery-grid\" style=\"--gald:4;--galt:4;--galm:4\">\n            <dl class=\"gallery-item\">\n            <dt class=\"gallery-icon\">\n            <a data-title=\"\" title=\"Kurgo Villa\" href=\"https:\/\/kurgovilla.ee\/wp-content\/uploads\/2020\/07\/Oue_pildid_3-scaled.jpg\" data-rel=\"tb_apff813\" class=\"themify_lightbox\"><img loading=\"lazy\" decoding=\"async\" src=\"https:\/\/kurgovilla.ee\/wp-content\/uploads\/2020\/07\/Oue_pildid_3-1024x683-300x200.jpg\" width=\"300\" height=\"200\" class=\"wp-post-image wp-image-3008\" title=\"Kurgo Villa\" alt=\"Kurgo Villa\" srcset=\"https:\/\/kurgovilla.ee\/wp-content\/uploads\/2020\/07\/Oue_pildid_3-1024x683-300x200.jpg 300w, https:\/\/kurgovilla.ee\/wp-content\/uploads\/2020\/07\/Oue_pildid_3-1024x683.jpg 1024w, https:\/\/kurgovilla.ee\/wp-content\/uploads\/2020\/07\/Oue_pildid_3-768x512.jpg 768w, https:\/\/kurgovilla.ee\/wp-content\/uploads\/2020\/07\/Oue_pildid_3-1536x1024.jpg 1536w, https:\/\/kurgovilla.ee\/wp-content\/uploads\/2020\/07\/Oue_pildid_3-2048x1365.jpg 2048w\" sizes=\"auto, (max-width: 300px) 100vw, 300px\" \/><\/a>            <\/dt>\n                    <\/dl>\n            <dl class=\"gallery-item\">\n            <dt class=\"gallery-icon\">\n            <a data-title=\"\" title=\"kurgovilla\" href=\"https:\/\/kurgovilla.ee\/wp-content\/uploads\/2023\/08\/KUV_5412.jpg\" data-rel=\"tb_apff813\" class=\"themify_lightbox\"><img loading=\"lazy\" decoding=\"async\" src=\"https:\/\/kurgovilla.ee\/wp-content\/uploads\/2023\/08\/KUV_5412-1024x683-300x200.jpg\" width=\"300\" height=\"200\" class=\"wp-post-image wp-image-2496\" title=\"kurgovilla\" alt=\"kurgovilla\" srcset=\"https:\/\/kurgovilla.ee\/wp-content\/uploads\/2023\/08\/KUV_5412-1024x683-300x200.jpg 300w, https:\/\/kurgovilla.ee\/wp-content\/uploads\/2023\/08\/KUV_5412-1024x683.jpg 1024w, https:\/\/kurgovilla.ee\/wp-content\/uploads\/2023\/08\/KUV_5412-768x512.jpg 768w, https:\/\/kurgovilla.ee\/wp-content\/uploads\/2023\/08\/KUV_5412-1536x1024.jpg 1536w, https:\/\/kurgovilla.ee\/wp-content\/uploads\/2023\/08\/KUV_5412.jpg 2048w\" sizes=\"auto, (max-width: 300px) 100vw, 300px\" \/><\/a>            <\/dt>\n                    <\/dl>\n            <dl class=\"gallery-item\">\n            <dt class=\"gallery-icon\">\n            <a data-title=\"\" title=\"kurgovilla\" href=\"https:\/\/kurgovilla.ee\/wp-content\/uploads\/2023\/08\/KUR_2300.jpg\" data-rel=\"tb_apff813\" class=\"themify_lightbox\"><img loading=\"lazy\" decoding=\"async\" src=\"https:\/\/kurgovilla.ee\/wp-content\/uploads\/2023\/08\/KUR_2300-1024x683-300x200.jpg\" width=\"300\" height=\"200\" class=\"wp-post-image wp-image-2492\" title=\"kurgovilla\" alt=\"kurgovilla\" srcset=\"https:\/\/kurgovilla.ee\/wp-content\/uploads\/2023\/08\/KUR_2300-1024x683-300x200.jpg 300w, https:\/\/kurgovilla.ee\/wp-content\/uploads\/2023\/08\/KUR_2300-1024x683.jpg 1024w, https:\/\/kurgovilla.ee\/wp-content\/uploads\/2023\/08\/KUR_2300-768x512.jpg 768w, https:\/\/kurgovilla.ee\/wp-content\/uploads\/2023\/08\/KUR_2300-1536x1024.jpg 1536w, https:\/\/kurgovilla.ee\/wp-content\/uploads\/2023\/08\/KUR_2300.jpg 2048w\" sizes=\"auto, (max-width: 300px) 100vw, 300px\" \/><\/a>            <\/dt>\n                    <\/dl>\n            <dl class=\"gallery-item\">\n            <dt class=\"gallery-icon\">\n            <a data-title=\"\" title=\"kurgovilla\" href=\"https:\/\/kurgovilla.ee\/wp-content\/uploads\/2023\/08\/Restoran-10.jpg\" data-rel=\"tb_apff813\" class=\"themify_lightbox\"><img loading=\"lazy\" decoding=\"async\" src=\"https:\/\/kurgovilla.ee\/wp-content\/uploads\/2023\/08\/Restoran-10-1024x688-300x200.jpg\" width=\"300\" height=\"200\" class=\"wp-post-image wp-image-2488\" title=\"kurgovilla\" alt=\"kurgovilla\"><\/a>            <\/dt>\n                    <\/dl>\n    <\/div>\n<\/div>\n<!-- \/module gallery -->        <\/div>\n                        <\/div>\n        <\/div>\n                        <div  data-lazy=\"1\" class=\"module_row themify_builder_row tb_qfs920 tf_w\">\n                        <div class=\"row_inner col_align_top tb_col_count_1 tf_box tf_rel\">\n                        <div  data-lazy=\"1\" class=\"module_column tb-column col-full tb_hpvl29 first\">\n                    <!-- module text -->\n<div  class=\"module module-text tb_yq6t29   \" data-lazy=\"1\">\n        <div  class=\"tb_text_wrap\">\n        <h1 style=\"text-align: center;\">Yhteystiedot<\/h1>\n    <\/div>\n<\/div>\n<!-- \/module text -->        <\/div>\n                        <\/div>\n        <\/div>\n                        <div  data-css_id=\"csz421\" data-lazy=\"1\" class=\"module_row themify_builder_row fullwidth_row_container tb_csz421 tf_w\">\n            <span  class=\"builder_row_cover tf_abs\" data-lazy=\"1\"><\/span>            <div class=\"row_inner col_align_top tb_col_count_2 tf_box tf_rel\">\n                        <div  data-lazy=\"1\" class=\"module_column tb-column col4-1 tb_maob32 first\">\n                    <!-- module text -->\n<div  class=\"module module-text tb_dnml33   \" data-lazy=\"1\">\n        <div  class=\"tb_text_wrap\">\n        <p><strong>Kurgo Villa<\/strong><br><strong>Papli 13, 80012 P\u00e4rnu, Viro<\/strong><br><strong>S\u00e4hk\u00f6posti: kurgovilla@kurgovilla.ee<\/strong><br><strong>Puhelin: (+372) 5687 7536<\/strong><\/p>\n<p><a href=\"https:\/\/bouk.io\/booking\/kurgovilla\/355\/rooms?nights=1&amp;adults=2&amp;children=0&amp;language=et&amp;weekday=monday&amp;skip=2%20&amp;_gl=1*30n22l*_gcl_au*MzAyNzU4OTI5LjE3MTU5NDU2MzQ.&amp;_ga=2.178530084.1463171249.1720002352-387632841.1715945634\" target=\"_blank\" rel=\"noopener\"><strong>Varaa huone suoraan sivustolta.<\/strong><\/a><\/p>\n<p><strong>Apua verkossa teht\u00e4v\u00e4\u00e4n hotelliin kirjautumiseen saa klo 12.00-17.00 puhelimitse numerossa <a href=\"tel:+37256877536\" target=\"_blank\" rel=\"noopener\">(+372) 5687 7536.<\/a><\/strong><\/p>\n<p><strong>O\u00dc Pantole<\/strong><br><strong>Yritystunnus 10335013<\/strong><br><strong>Alv-nro EE100602780<\/strong><br><strong>a EE221010220009115012<\/strong><\/p>    <\/div>\n<\/div>\n<!-- \/module text -->        <\/div>\n                    <div  data-lazy=\"1\" class=\"module_column tb-column col4-3 tb_qbif815 last\">\n                    <!-- module image -->\n<div  class=\"module module-image tb_jorp792 image-top   tf_mw\" data-lazy=\"1\">\n        <div class=\"image-wrap tf_rel tf_mw\">\n            <a href=\"https:\/\/www.google.com\/maps\/place\/Kurgo+Villa+Hotel\/@58.3755485,24.5018858,15.5z\/data=!4m8!3m7!1s0x46ecfd1c7af15bff:0xda0e99799fd2b54!5m2!4m1!1i2!8m2!3d58.3756056!4d24.5040338\" rel=\"noopener\" target=\"_blank\">\n                   <img loading=\"lazy\" decoding=\"async\" width=\"860\" height=\"300\" src=\"https:\/\/kurgovilla.ee\/wp-content\/uploads\/2020\/01\/kurgovilla-kaart.jpg\" class=\"wp-post-image wp-image-2917\" title=\"kurgovilla-kaart\" alt=\"kurgovilla-kaart\" srcset=\"https:\/\/kurgovilla.ee\/wp-content\/uploads\/2020\/01\/kurgovilla-kaart.jpg 860w, https:\/\/kurgovilla.ee\/wp-content\/uploads\/2020\/01\/kurgovilla-kaart-300x105.jpg 300w, https:\/\/kurgovilla.ee\/wp-content\/uploads\/2020\/01\/kurgovilla-kaart-768x268.jpg 768w\" sizes=\"auto, (max-width: 860px) 100vw, 860px\" \/>        <\/a>\n    \n        <\/div>\n    <!-- \/image-wrap -->\n    \n        <\/div>\n<!-- \/module image -->        <\/div>\n                        <\/div>\n        <\/div>\n        <\/div>\n<!--\/themify_builder_content-->","protected":false},"excerpt":{"rendered":"<p>Yhteystiedot<\/p>\n","protected":false},"author":1,"featured_media":0,"parent":0,"menu_order":0,"comment_status":"closed","ping_status":"closed","template":"","meta":{"footnotes":""},"class_list":["post-2916","page","type-page","status-publish","hentry","has-post-title","has-post-date","has-post-category","has-post-tag","has-post-comment","has-post-author",""],"yoast_head":"<!-- This site is optimized with the Yoast SEO plugin v27.4 - https:\/\/yoast.com\/product\/yoast-seo-wordpress\/ -->\n<title>Yhteystiedot &#187; Kurgo Villa &#187; Viihtyis\u00e4 ja yksityinen hotelli P\u00e4rnun ranta-alueella.<\/title>\n<meta name=\"description\" content=\"T\u00e4\u00e4lt\u00e4 l\u00f6yd\u00e4t yhteystietomme, saapumisohjeet ja muut tarvitsemasi tiedot meist\u00e4. Varmista paras tarjous varaamalla suoraan sivustoltamme.\" \/>\n<meta name=\"robots\" content=\"index, follow, max-snippet:-1, max-image-preview:large, max-video-preview:-1\" \/>\n<link rel=\"canonical\" href=\"https:\/\/kurgovilla.ee\/fi\/kontakt\/\" \/>\n<meta property=\"og:locale\" content=\"fi_FI\" \/>\n<meta property=\"og:type\" content=\"article\" \/>\n<meta property=\"og:title\" content=\"Yhteystiedot &#187; Kurgo Villa &#187; Viihtyis\u00e4 ja yksityinen hotelli P\u00e4rnun ranta-alueella.\" \/>\n<meta property=\"og:description\" content=\"T\u00e4\u00e4lt\u00e4 l\u00f6yd\u00e4t yhteystietomme, saapumisohjeet ja muut tarvitsemasi tiedot meist\u00e4. Varmista paras tarjous varaamalla suoraan sivustoltamme.\" \/>\n<meta property=\"og:url\" content=\"https:\/\/kurgovilla.ee\/fi\/kontakt\/\" \/>\n<meta property=\"og:site_name\" content=\"Kurgovilla\" \/>\n<meta property=\"article:modified_time\" content=\"2026-02-10T15:03:32+00:00\" \/>\n<meta property=\"og:image\" content=\"https:\/\/kurgovilla.ee\/wp-content\/uploads\/2020\/07\/Oue_pildid_3-150x150.jpg\" \/>\n<meta name=\"twitter:card\" content=\"summary_large_image\" \/>\n<meta name=\"twitter:label1\" content=\"Arvioitu lukuaika\" \/>\n\t<meta name=\"twitter:data1\" content=\"1 minuutti\" \/>\n<script type=\"application\/ld+json\" class=\"yoast-schema-graph\">{\"@context\":\"https:\\\/\\\/schema.org\",\"@graph\":[{\"@type\":\"WebPage\",\"@id\":\"https:\\\/\\\/kurgovilla.ee\\\/fi\\\/kontakt\\\/\",\"url\":\"https:\\\/\\\/kurgovilla.ee\\\/fi\\\/kontakt\\\/\",\"name\":\"Yhteystiedot &#187; Kurgo Villa &#187; Viihtyis\u00e4 ja yksityinen hotelli P\u00e4rnun ranta-alueella.\",\"isPartOf\":{\"@id\":\"https:\\\/\\\/kurgovilla.ee\\\/#website\"},\"primaryImageOfPage\":{\"@id\":\"https:\\\/\\\/kurgovilla.ee\\\/fi\\\/kontakt\\\/#primaryimage\"},\"image\":{\"@id\":\"https:\\\/\\\/kurgovilla.ee\\\/fi\\\/kontakt\\\/#primaryimage\"},\"thumbnailUrl\":\"https:\\\/\\\/kurgovilla.ee\\\/wp-content\\\/uploads\\\/2020\\\/01\\\/kurgovilla-kaart.jpg\",\"datePublished\":\"2020-01-29T10:38:19+00:00\",\"dateModified\":\"2026-02-10T15:03:32+00:00\",\"description\":\"T\u00e4\u00e4lt\u00e4 l\u00f6yd\u00e4t yhteystietomme, saapumisohjeet ja muut tarvitsemasi tiedot meist\u00e4. Varmista paras tarjous varaamalla suoraan sivustoltamme.\",\"breadcrumb\":{\"@id\":\"https:\\\/\\\/kurgovilla.ee\\\/fi\\\/kontakt\\\/#breadcrumb\"},\"inLanguage\":\"fi\",\"potentialAction\":[{\"@type\":\"ReadAction\",\"target\":[\"https:\\\/\\\/kurgovilla.ee\\\/fi\\\/kontakt\\\/\"]}]},{\"@type\":\"ImageObject\",\"inLanguage\":\"fi\",\"@id\":\"https:\\\/\\\/kurgovilla.ee\\\/fi\\\/kontakt\\\/#primaryimage\",\"url\":\"https:\\\/\\\/kurgovilla.ee\\\/wp-content\\\/uploads\\\/2020\\\/01\\\/kurgovilla-kaart.jpg\",\"contentUrl\":\"https:\\\/\\\/kurgovilla.ee\\\/wp-content\\\/uploads\\\/2020\\\/01\\\/kurgovilla-kaart.jpg\"},{\"@type\":\"BreadcrumbList\",\"@id\":\"https:\\\/\\\/kurgovilla.ee\\\/fi\\\/kontakt\\\/#breadcrumb\",\"itemListElement\":[{\"@type\":\"ListItem\",\"position\":1,\"name\":\"Home\",\"item\":\"https:\\\/\\\/kurgovilla.ee\\\/\"},{\"@type\":\"ListItem\",\"position\":2,\"name\":\"Yhteystiedot\"}]},{\"@type\":\"WebSite\",\"@id\":\"https:\\\/\\\/kurgovilla.ee\\\/#website\",\"url\":\"https:\\\/\\\/kurgovilla.ee\\\/\",\"name\":\"Kurgovilla\",\"description\":\"\",\"publisher\":{\"@id\":\"https:\\\/\\\/kurgovilla.ee\\\/#organization\"},\"potentialAction\":[{\"@type\":\"SearchAction\",\"target\":{\"@type\":\"EntryPoint\",\"urlTemplate\":\"https:\\\/\\\/kurgovilla.ee\\\/?s={search_term_string}\"},\"query-input\":{\"@type\":\"PropertyValueSpecification\",\"valueRequired\":true,\"valueName\":\"search_term_string\"}}],\"inLanguage\":\"fi\"},{\"@type\":\"Organization\",\"@id\":\"https:\\\/\\\/kurgovilla.ee\\\/#organization\",\"name\":\"Kurgo Villa\",\"url\":\"https:\\\/\\\/kurgovilla.ee\\\/\",\"logo\":{\"@type\":\"ImageObject\",\"inLanguage\":\"fi\",\"@id\":\"https:\\\/\\\/kurgovilla.ee\\\/#\\\/schema\\\/logo\\\/image\\\/\",\"url\":\"https:\\\/\\\/kurgovilla.ee\\\/wp-content\\\/uploads\\\/2020\\\/03\\\/logo.jpg\",\"contentUrl\":\"https:\\\/\\\/kurgovilla.ee\\\/wp-content\\\/uploads\\\/2020\\\/03\\\/logo.jpg\",\"width\":300,\"height\":115,\"caption\":\"Kurgo Villa\"},\"image\":{\"@id\":\"https:\\\/\\\/kurgovilla.ee\\\/#\\\/schema\\\/logo\\\/image\\\/\"}}]}<\/script>\n<!-- \/ Yoast SEO plugin. -->","yoast_head_json":{"title":"Yhteystiedot &#187; Kurgo Villa &#187; Viihtyis\u00e4 ja yksityinen hotelli P\u00e4rnun ranta-alueella.","description":"T\u00e4\u00e4lt\u00e4 l\u00f6yd\u00e4t yhteystietomme, saapumisohjeet ja muut tarvitsemasi tiedot meist\u00e4. Varmista paras tarjous varaamalla suoraan sivustoltamme.","robots":{"index":"index","follow":"follow","max-snippet":"max-snippet:-1","max-image-preview":"max-image-preview:large","max-video-preview":"max-video-preview:-1"},"canonical":"https:\/\/kurgovilla.ee\/fi\/kontakt\/","og_locale":"fi_FI","og_type":"article","og_title":"Yhteystiedot &#187; Kurgo Villa &#187; Viihtyis\u00e4 ja yksityinen hotelli P\u00e4rnun ranta-alueella.","og_description":"T\u00e4\u00e4lt\u00e4 l\u00f6yd\u00e4t yhteystietomme, saapumisohjeet ja muut tarvitsemasi tiedot meist\u00e4. Varmista paras tarjous varaamalla suoraan sivustoltamme.","og_url":"https:\/\/kurgovilla.ee\/fi\/kontakt\/","og_site_name":"Kurgovilla","article_modified_time":"2026-02-10T15:03:32+00:00","og_image":[{"url":"https:\/\/kurgovilla.ee\/wp-content\/uploads\/2020\/07\/Oue_pildid_3-150x150.jpg","type":"","width":"","height":""}],"twitter_card":"summary_large_image","twitter_misc":{"Arvioitu lukuaika":"1 minuutti"},"schema":{"@context":"https:\/\/schema.org","@graph":[{"@type":"WebPage","@id":"https:\/\/kurgovilla.ee\/fi\/kontakt\/","url":"https:\/\/kurgovilla.ee\/fi\/kontakt\/","name":"Yhteystiedot &#187; Kurgo Villa &#187; Viihtyis\u00e4 ja yksityinen hotelli P\u00e4rnun ranta-alueella.","isPartOf":{"@id":"https:\/\/kurgovilla.ee\/#website"},"primaryImageOfPage":{"@id":"https:\/\/kurgovilla.ee\/fi\/kontakt\/#primaryimage"},"image":{"@id":"https:\/\/kurgovilla.ee\/fi\/kontakt\/#primaryimage"},"thumbnailUrl":"https:\/\/kurgovilla.ee\/wp-content\/uploads\/2020\/01\/kurgovilla-kaart.jpg","datePublished":"2020-01-29T10:38:19+00:00","dateModified":"2026-02-10T15:03:32+00:00","description":"T\u00e4\u00e4lt\u00e4 l\u00f6yd\u00e4t yhteystietomme, saapumisohjeet ja muut tarvitsemasi tiedot meist\u00e4. Varmista paras tarjous varaamalla suoraan sivustoltamme.","breadcrumb":{"@id":"https:\/\/kurgovilla.ee\/fi\/kontakt\/#breadcrumb"},"inLanguage":"fi","potentialAction":[{"@type":"ReadAction","target":["https:\/\/kurgovilla.ee\/fi\/kontakt\/"]}]},{"@type":"ImageObject","inLanguage":"fi","@id":"https:\/\/kurgovilla.ee\/fi\/kontakt\/#primaryimage","url":"https:\/\/kurgovilla.ee\/wp-content\/uploads\/2020\/01\/kurgovilla-kaart.jpg","contentUrl":"https:\/\/kurgovilla.ee\/wp-content\/uploads\/2020\/01\/kurgovilla-kaart.jpg"},{"@type":"BreadcrumbList","@id":"https:\/\/kurgovilla.ee\/fi\/kontakt\/#breadcrumb","itemListElement":[{"@type":"ListItem","position":1,"name":"Home","item":"https:\/\/kurgovilla.ee\/"},{"@type":"ListItem","position":2,"name":"Yhteystiedot"}]},{"@type":"WebSite","@id":"https:\/\/kurgovilla.ee\/#website","url":"https:\/\/kurgovilla.ee\/","name":"Kurgovilla","description":"","publisher":{"@id":"https:\/\/kurgovilla.ee\/#organization"},"potentialAction":[{"@type":"SearchAction","target":{"@type":"EntryPoint","urlTemplate":"https:\/\/kurgovilla.ee\/?s={search_term_string}"},"query-input":{"@type":"PropertyValueSpecification","valueRequired":true,"valueName":"search_term_string"}}],"inLanguage":"fi"},{"@type":"Organization","@id":"https:\/\/kurgovilla.ee\/#organization","name":"Kurgo Villa","url":"https:\/\/kurgovilla.ee\/","logo":{"@type":"ImageObject","inLanguage":"fi","@id":"https:\/\/kurgovilla.ee\/#\/schema\/logo\/image\/","url":"https:\/\/kurgovilla.ee\/wp-content\/uploads\/2020\/03\/logo.jpg","contentUrl":"https:\/\/kurgovilla.ee\/wp-content\/uploads\/2020\/03\/logo.jpg","width":300,"height":115,"caption":"Kurgo Villa"},"image":{"@id":"https:\/\/kurgovilla.ee\/#\/schema\/logo\/image\/"}}]}},"builder_content":"[gallery ids=\"1175,2496,2492,2488\"]\n<h1 style=\"text-align: center;\">Yhteystiedot<\/h1>\n<p><strong>Kurgo Villa<\/strong><br><strong>Papli 13, 80012 P\u00e4rnu, Viro<\/strong><br><strong>S\u00e4hk\u00f6posti: kurgovilla@kurgovilla.ee<\/strong><br><strong>Puhelin: (+372) 5687 7536<\/strong><\/p> <p><a href=\"https:\/\/bouk.io\/booking\/kurgovilla\/355\/rooms?nights=1&amp;adults=2&amp;children=0&amp;language=et&amp;weekday=monday&amp;skip=2%20&amp;_gl=1*30n22l*_gcl_au*MzAyNzU4OTI5LjE3MTU5NDU2MzQ.&amp;_ga=2.178530084.1463171249.1720002352-387632841.1715945634\" target=\"_blank\" rel=\"noopener\"><strong>Varaa huone suoraan sivustolta.<\/strong><\/a><\/p> <p><strong>Apua verkossa teht\u00e4v\u00e4\u00e4n hotelliin kirjautumiseen saa klo 12.00-17.00 puhelimitse numerossa <a href=\"tel:+37256877536\" target=\"_blank\" rel=\"noopener\">(+372) 5687 7536.<\/a><\/strong><\/p> <p><strong>O\u00dc Pantole<\/strong><br><strong>Yritystunnus 10335013<\/strong><br><strong>Alv-nro EE100602780<\/strong><br><strong>a EE221010220009115012<\/strong><\/p>\n<a href=\"https:\/\/www.google.com\/maps\/place\/Kurgo+Villa+Hotel\/@58.3755485,24.5018858,15.5z\/data=!4m8!3m7!1s0x46ecfd1c7af15bff:0xda0e99799fd2b54!5m2!4m1!1i2!8m2!3d58.3756056!4d24.5040338\" rel=\"noopener\" target=\"_blank\"> <img src=\"https:\/\/kurgovilla.ee\/wp-content\/uploads\/2020\/01\/kurgovilla-kaart.jpg\" title=\"kurgovilla-kaart\" alt=\"kurgovilla-kaart\" srcset=\"https:\/\/kurgovilla.ee\/wp-content\/uploads\/2020\/01\/kurgovilla-kaart.jpg 860w, https:\/\/kurgovilla.ee\/wp-content\/uploads\/2020\/01\/kurgovilla-kaart-300x105.jpg 300w, https:\/\/kurgovilla.ee\/wp-content\/uploads\/2020\/01\/kurgovilla-kaart-768x268.jpg 768w\" sizes=\"(max-width: 860px) 100vw, 860px\" \/> <\/a>","_links":{"self":[{"href":"https:\/\/kurgovilla.ee\/fi\/wp-json\/wp\/v2\/pages\/2916","targetHints":{"allow":["GET"]}}],"collection":[{"href":"https:\/\/kurgovilla.ee\/fi\/wp-json\/wp\/v2\/pages"}],"about":[{"href":"https:\/\/kurgovilla.ee\/fi\/wp-json\/wp\/v2\/types\/page"}],"author":[{"embeddable":true,"href":"https:\/\/kurgovilla.ee\/fi\/wp-json\/wp\/v2\/users\/1"}],"replies":[{"embeddable":true,"href":"https:\/\/kurgovilla.ee\/fi\/wp-json\/wp\/v2\/comments?post=2916"}],"version-history":[{"count":14,"href":"https:\/\/kurgovilla.ee\/fi\/wp-json\/wp\/v2\/pages\/2916\/revisions"}],"predecessor-version":[{"id":3443,"href":"https:\/\/kurgovilla.ee\/fi\/wp-json\/wp\/v2\/pages\/2916\/revisions\/3443"}],"wp:attachment":[{"href":"https:\/\/kurgovilla.ee\/fi\/wp-json\/wp\/v2\/media?parent=2916"}],"curies":[{"name":"wp","href":"https:\/\/api.w.org\/{rel}","templated":true}]}}