{"id":3316,"date":"2025-08-08T11:25:43","date_gmt":"2025-08-08T11:25:43","guid":{"rendered":"https:\/\/kurgovilla.ee\/kodukord\/"},"modified":"2026-02-10T15:02:22","modified_gmt":"2026-02-10T15:02:22","slug":"kodukord","status":"publish","type":"page","link":"https:\/\/kurgovilla.ee\/fi\/kodukord\/","title":{"rendered":"Kodukord"},"content":{"rendered":"<!--themify_builder_content-->\n<div id=\"themify_builder_content-3316\" data-postid=\"3316\" class=\"themify_builder_content themify_builder_content-3316 themify_builder tf_clear\">\n                    <div  data-tablet_landscape-padding=\"20px,20px\" data-tablet-padding=\"10px,10px\" data-desktop-padding=\"25%,25%\" data-css_id=\"gpb5129\" data-lazy=\"1\" class=\"module_row themify_builder_row fullwidth_row_container tb_gpb5129 tb_first tf_w\">\n                        <div class=\"row_inner col_align_top tb_col_count_1 tf_box tf_rel\">\n                        <div  data-lazy=\"1\" class=\"module_column tb-column col-full tb_vqxr134 first\">\n                    <!-- module text -->\n<div  class=\"module module-text tb_re1f684   \" data-lazy=\"1\">\n        <div  class=\"tb_text_wrap\">\n        <h1 style=\"text-align: center;\" data-start=\"167\" data-end=\"188\">J\u00e4rjestyss\u00e4\u00e4nn\u00f6t<\/h1>\n<p style=\"text-align: center;\" data-start=\"189\" data-end=\"293\">Tutustuthan j\u00e4rjestyss\u00e4\u00e4nt\u00f6ihimme ja tietoihin, jotta kaikkien oleskelu olisi miellytt\u00e4v\u00e4\u00e4 ja sujuvaa.<\/p>\n<hr data-start=\"295\" data-end=\"298\">\n<h3 data-start=\"300\" data-end=\"338\">\ud83d\udece\ufe0f Sis\u00e4\u00e4nkirjautuminen ja p\u00e4\u00e4sy<\/h3>\n<p data-start=\"339\" data-end=\"365\">Majoitus on kontaktiton.<\/p>\n<p data-start=\"367\" data-end=\"432\">Ovikoodi l\u00e4hetet\u00e4\u00e4n saapumisp\u00e4iv\u00e4n\u00e4 tekstiviestill\u00e4 \u2013 vain jos:<\/p>\n<ul data-start=\"433\" data-end=\"505\">\n<li data-start=\"433\" data-end=\"472\">\n<p data-start=\"435\" data-end=\"472\">Online-sis\u00e4\u00e4nkirjautuminen on tehty<\/p>\n<\/li>\n<li data-start=\"473\" data-end=\"505\">\n<p data-start=\"475\" data-end=\"505\">Varaus on maksettu etuk\u00e4teen<\/p>\n<\/li>\n<\/ul>\n<p data-start=\"507\" data-end=\"571\">Varmistathan, ett\u00e4 puhelinnumerosi, my\u00f6s maatunnus, on oikein.<\/p>\n<p data-start=\"573\" data-end=\"668\">Ovikoodi on voimassa:<br data-start=\"594\" data-end=\"597\">\ud83d\udcc5 Saapumisp\u00e4iv\u00e4n\u00e4 klo 15:00 alkaen<br data-start=\"632\" data-end=\"635\">\u23f3 L\u00e4ht\u00f6p\u00e4iv\u00e4n\u00e4 klo 12:00 saakka<\/p>\n<hr data-start=\"670\" data-end=\"673\">\n<h3 data-start=\"675\" data-end=\"716\">\ud83c\udf73 Majoitukseen sis\u00e4ltyv\u00e4t palvelut<\/h3>\n<p data-start=\"717\" data-end=\"764\"><strong data-start=\"717\" data-end=\"731\">Aamiainen:<\/strong><br data-start=\"731\" data-end=\"734\">\ud83d\udd57 P\u00e4ivitt\u00e4in klo 8:00\u201311:00<\/p>\n<p data-start=\"766\" data-end=\"829\"><strong data-start=\"766\" data-end=\"796\">L\u00e4mmitetty ulkouima-allas:<\/strong><br data-start=\"796\" data-end=\"799\">\ud83d\udd57 P\u00e4ivitt\u00e4in klo 8:00\u201320:00<\/p>\n<hr data-start=\"831\" data-end=\"834\">\n<h3 data-start=\"836\" data-end=\"855\">\ud83d\ude97 Pys\u00e4k\u00f6inti<\/h3>\n<p data-start=\"856\" data-end=\"1118\">Maksuton sis\u00e4pihan pys\u00e4k\u00f6inti (~13 paikkaa), varauksia ei voi tehd\u00e4.<br data-start=\"924\" data-end=\"927\">\u2705 Paikat t\u00e4ytet\u00e4\u00e4n saapumisj\u00e4rjestyksess\u00e4.<br data-start=\"969\" data-end=\"972\">\u274c Jos parkkipaikka on t\u00e4ynn\u00e4, katso P\u00e4rnun pys\u00e4k\u00f6intitiedot t\u00e4\u00e4lt\u00e4:<br data-start=\"1039\" data-end=\"1042\"><a class=\"\" href=\"https:\/\/visitparnu.com\/parkimine-parnus\" target=\"_new\" rel=\"noopener\" data-start=\"1042\" data-end=\"1116\">visitparnu.com\/parkimine-parnus<\/a><\/p>\n<p data-start=\"1120\" data-end=\"1321\">L\u00e4ht\u00f6p\u00e4iv\u00e4n\u00e4 pys\u00e4k\u00f6intipaikka on vapautettava viimeist\u00e4\u00e4n klo 12:00.<br data-start=\"1188\" data-end=\"1191\">Jos paikkaa ei ole vapautettu t\u00e4h\u00e4n menness\u00e4, hotelli voi siirt\u00e4\u00e4 ajoneuvon kadulle varmistaakseen paikan seuraavalle vieraalle.<\/p>\n<hr data-start=\"1323\" data-end=\"1326\">\n<h3 data-start=\"1328\" data-end=\"1360\">\ud83e\uddf9 Siivous ja lis\u00e4palvelut<\/h3>\n<p data-start=\"1361\" data-end=\"1388\">Huonesiivous suoritetaan:<\/p>\n<ul data-start=\"1389\" data-end=\"1451\">\n<li data-start=\"1389\" data-end=\"1402\">\n<p data-start=\"1391\" data-end=\"1402\">L\u00e4htiess\u00e4<\/p>\n<\/li>\n<li data-start=\"1403\" data-end=\"1451\">\n<p data-start=\"1405\" data-end=\"1451\">Yli 4 p\u00e4iv\u00e4n majoituksissa joka nelj\u00e4s p\u00e4iv\u00e4<\/p>\n<\/li>\n<\/ul>\n<p data-start=\"1453\" data-end=\"1496\">Roska-astiat sijaitsevat hotellialueella.<\/p>\n<p data-start=\"1498\" data-end=\"1607\">Lis\u00e4pylhkeet ja muut tarvikkeet saatavilla:<br data-start=\"1541\" data-end=\"1544\">\ud83d\udd59 P\u00e4ivitt\u00e4in klo 10:00\u201314:00<br data-start=\"1573\" data-end=\"1576\">(kysy siivoushenkil\u00f6kunnalta)<\/p>\n<hr data-start=\"1609\" data-end=\"1612\">\n<h3 data-start=\"1614\" data-end=\"1651\">\ud83d\udead Tupakointi ja hiljaisuusajat<\/h3>\n<p data-start=\"1652\" data-end=\"1673\">Hotelli on savuton.<\/p>\n<p data-start=\"1675\" data-end=\"1735\">Tupakointi on sallittu vain sis\u00e4pihan merkityll\u00e4 alueella.<\/p>\n<p data-start=\"1737\" data-end=\"1789\">Parvekkeilla tupakointi on ehdottomasti kielletty.<\/p>\n<p data-start=\"1791\" data-end=\"1812\"><strong data-start=\"1791\" data-end=\"1810\">Hiljaisuusajat:<\/strong><\/p>\n<ul data-start=\"1813\" data-end=\"1876\">\n<li data-start=\"1813\" data-end=\"1844\">\n<p data-start=\"1815\" data-end=\"1844\"><strong data-start=\"1815\" data-end=\"1830\">1.9 \u2013 31.5:<\/strong> 23:00\u201307:00<\/p>\n<\/li>\n<li data-start=\"1845\" data-end=\"1876\">\n<p data-start=\"1847\" data-end=\"1876\"><strong data-start=\"1847\" data-end=\"1862\">1.6 \u2013 31.8:<\/strong> 00:00\u201306:00<\/p>\n<\/li>\n<\/ul>\n<p data-start=\"1878\" data-end=\"1960\">Vieraat voivat oleskella huoneessa klo 23:00 asti (kunhan eiv\u00e4t h\u00e4iritse muita).<\/p>\n<hr data-start=\"1962\" data-end=\"1965\">\n<h3 data-start=\"1967\" data-end=\"2003\">\ud83d\udd10 Turvallisuus ja yksityisyys<\/h3>\n<p data-start=\"2004\" data-end=\"2031\">\u00c4l\u00e4 jaa ovikoodia muille!<\/p>\n<p data-start=\"2033\" data-end=\"2102\">Hotelli ei vastaa huoneessa olevista henkil\u00f6kohtaisista tavaroista.<\/p>\n<p data-start=\"2104\" data-end=\"2158\">Forus Security AS vartioi hotellia klo 23:00 alkaen.<\/p>\n<p data-start=\"2160\" data-end=\"2237\">Julkiset tilat (terassit, sis\u00e4piha, porrask\u00e4yt\u00e4v\u00e4t) ovat kameravalvonnassa.<\/p>\n<hr data-start=\"2239\" data-end=\"2242\">\n<h3 data-start=\"2244\" data-end=\"2271\">\ud83d\udcdd T\u00e4rke\u00e4\u00e4 lis\u00e4tietoa<\/h3>\n<p data-start=\"2272\" data-end=\"2411\">Saapumisp\u00e4iv\u00e4n\u00e4 varauksia voi tehd\u00e4 klo 23:59 asti.<br data-start=\"2323\" data-end=\"2326\">\u23e9 T\u00e4m\u00e4n j\u00e4lkeen tehdyt varaukset ovat voimassa seuraavana p\u00e4iv\u00e4n\u00e4 klo 15:00 alkaen.<\/p>\n<p data-start=\"2413\" data-end=\"2488\">Hotelli on itsepalveluhotelli, ja henkil\u00f6kuntaan on vain v\u00e4h\u00e4n kontaktia.<\/p>\n<p data-start=\"2490\" data-end=\"2529\">Lemmikkiel\u00e4imet eiv\u00e4t ole sallittuja.<\/p>\n<hr data-start=\"2531\" data-end=\"2534\">\n<h3 data-start=\"2536\" data-end=\"2557\">\ud83d\udcde Yhteystiedot<\/h3>\n<p data-start=\"2558\" data-end=\"2622\">Kysymykset \/ puutteet huoneessa:<br data-start=\"2590\" data-end=\"2593\">\ud83d\udce7 <a class=\"cursor-pointer\" rel=\"noopener\" data-start=\"2596\" data-end=\"2620\">kurgovilla@kurgovilla.ee<\/a><\/p>\n<p data-start=\"2624\" data-end=\"2696\">Online-sis\u00e4\u00e4nkirjautumisen tuki (klo 12:00\u201317:00):<br data-start=\"2674\" data-end=\"2677\">\ud83d\udcf1 +372 5687 7536<\/p>\n<p data-start=\"2698\" data-end=\"2733\">\ud83c\udf10 <strong data-start=\"2701\" data-end=\"2720\">Wi-Fi-salasana:<\/strong><br data-start=\"2720\" data-end=\"2723\">12345678<\/p>    <\/div>\n<\/div>\n<!-- \/module text -->        <\/div>\n                        <\/div>\n        <\/div>\n        <\/div>\n<!--\/themify_builder_content-->","protected":false},"excerpt":{"rendered":"<p>J\u00e4rjestyss\u00e4\u00e4nn\u00f6t Tutustuthan j\u00e4rjestyss\u00e4\u00e4nt\u00f6ihimme ja tietoihin, jotta kaikkien oleskelu olisi miellytt\u00e4v\u00e4\u00e4 ja sujuvaa. \ud83d\udece\ufe0f Sis\u00e4\u00e4nkirjautuminen ja p\u00e4\u00e4sy Majoitus on kontaktiton. Ovikoodi l\u00e4hetet\u00e4\u00e4n saapumisp\u00e4iv\u00e4n\u00e4 tekstiviestill\u00e4 \u2013 vain jos: Online-sis\u00e4\u00e4nkirjautuminen on tehty Varaus on maksettu etuk\u00e4teen Varmistathan, ett\u00e4 puhelinnumerosi, my\u00f6s maatunnus, on oikein. Ovikoodi on voimassa:\ud83d\udcc5 Saapumisp\u00e4iv\u00e4n\u00e4 klo 15:00 alkaen\u23f3 L\u00e4ht\u00f6p\u00e4iv\u00e4n\u00e4 klo 12:00 saakka \ud83c\udf73 Majoitukseen sis\u00e4ltyv\u00e4t palvelut [&hellip;]<\/p>\n","protected":false},"author":1,"featured_media":0,"parent":0,"menu_order":0,"comment_status":"closed","ping_status":"closed","template":"","meta":{"footnotes":""},"class_list":["post-3316","page","type-page","status-publish","hentry","has-post-title","has-post-date","has-post-category","has-post-tag","has-post-comment","has-post-author",""],"yoast_head":"<!-- This site is optimized with the Yoast SEO plugin v27.4 - https:\/\/yoast.com\/product\/yoast-seo-wordpress\/ -->\n<title>Kodukord &#187; Kurgovilla<\/title>\n<meta name=\"robots\" content=\"index, follow, max-snippet:-1, max-image-preview:large, max-video-preview:-1\" \/>\n<link rel=\"canonical\" href=\"https:\/\/kurgovilla.ee\/fi\/kodukord\/\" \/>\n<meta property=\"og:locale\" content=\"fi_FI\" \/>\n<meta property=\"og:type\" content=\"article\" \/>\n<meta property=\"og:title\" content=\"Kodukord &#187; Kurgovilla\" \/>\n<meta property=\"og:description\" content=\"J\u00e4rjestyss\u00e4\u00e4nn\u00f6t Tutustuthan j\u00e4rjestyss\u00e4\u00e4nt\u00f6ihimme ja tietoihin, jotta kaikkien oleskelu olisi miellytt\u00e4v\u00e4\u00e4 ja sujuvaa. \ud83d\udece\ufe0f Sis\u00e4\u00e4nkirjautuminen ja p\u00e4\u00e4sy Majoitus on kontaktiton. Ovikoodi l\u00e4hetet\u00e4\u00e4n saapumisp\u00e4iv\u00e4n\u00e4 tekstiviestill\u00e4 \u2013 vain jos: Online-sis\u00e4\u00e4nkirjautuminen on tehty Varaus on maksettu etuk\u00e4teen Varmistathan, ett\u00e4 puhelinnumerosi, my\u00f6s maatunnus, on oikein. Ovikoodi on voimassa:\ud83d\udcc5 Saapumisp\u00e4iv\u00e4n\u00e4 klo 15:00 alkaen\u23f3 L\u00e4ht\u00f6p\u00e4iv\u00e4n\u00e4 klo 12:00 saakka \ud83c\udf73 Majoitukseen sis\u00e4ltyv\u00e4t palvelut [&hellip;]\" \/>\n<meta property=\"og:url\" content=\"https:\/\/kurgovilla.ee\/fi\/kodukord\/\" \/>\n<meta property=\"og:site_name\" content=\"Kurgovilla\" \/>\n<meta property=\"article:modified_time\" content=\"2026-02-10T15:02:22+00:00\" \/>\n<meta name=\"twitter:card\" content=\"summary_large_image\" \/>\n<script type=\"application\/ld+json\" class=\"yoast-schema-graph\">{\"@context\":\"https:\\\/\\\/schema.org\",\"@graph\":[{\"@type\":\"WebPage\",\"@id\":\"https:\\\/\\\/kurgovilla.ee\\\/fi\\\/kodukord\\\/\",\"url\":\"https:\\\/\\\/kurgovilla.ee\\\/fi\\\/kodukord\\\/\",\"name\":\"Kodukord &#187; Kurgovilla\",\"isPartOf\":{\"@id\":\"https:\\\/\\\/kurgovilla.ee\\\/#website\"},\"datePublished\":\"2025-08-08T11:25:43+00:00\",\"dateModified\":\"2026-02-10T15:02:22+00:00\",\"breadcrumb\":{\"@id\":\"https:\\\/\\\/kurgovilla.ee\\\/fi\\\/kodukord\\\/#breadcrumb\"},\"inLanguage\":\"fi\",\"potentialAction\":[{\"@type\":\"ReadAction\",\"target\":[\"https:\\\/\\\/kurgovilla.ee\\\/fi\\\/kodukord\\\/\"]}]},{\"@type\":\"BreadcrumbList\",\"@id\":\"https:\\\/\\\/kurgovilla.ee\\\/fi\\\/kodukord\\\/#breadcrumb\",\"itemListElement\":[{\"@type\":\"ListItem\",\"position\":1,\"name\":\"Home\",\"item\":\"https:\\\/\\\/kurgovilla.ee\\\/\"},{\"@type\":\"ListItem\",\"position\":2,\"name\":\"Kodukord\"}]},{\"@type\":\"WebSite\",\"@id\":\"https:\\\/\\\/kurgovilla.ee\\\/#website\",\"url\":\"https:\\\/\\\/kurgovilla.ee\\\/\",\"name\":\"Kurgovilla\",\"description\":\"\",\"publisher\":{\"@id\":\"https:\\\/\\\/kurgovilla.ee\\\/#organization\"},\"potentialAction\":[{\"@type\":\"SearchAction\",\"target\":{\"@type\":\"EntryPoint\",\"urlTemplate\":\"https:\\\/\\\/kurgovilla.ee\\\/?s={search_term_string}\"},\"query-input\":{\"@type\":\"PropertyValueSpecification\",\"valueRequired\":true,\"valueName\":\"search_term_string\"}}],\"inLanguage\":\"fi\"},{\"@type\":\"Organization\",\"@id\":\"https:\\\/\\\/kurgovilla.ee\\\/#organization\",\"name\":\"Kurgo Villa\",\"url\":\"https:\\\/\\\/kurgovilla.ee\\\/\",\"logo\":{\"@type\":\"ImageObject\",\"inLanguage\":\"fi\",\"@id\":\"https:\\\/\\\/kurgovilla.ee\\\/#\\\/schema\\\/logo\\\/image\\\/\",\"url\":\"https:\\\/\\\/kurgovilla.ee\\\/wp-content\\\/uploads\\\/2020\\\/03\\\/logo.jpg\",\"contentUrl\":\"https:\\\/\\\/kurgovilla.ee\\\/wp-content\\\/uploads\\\/2020\\\/03\\\/logo.jpg\",\"width\":300,\"height\":115,\"caption\":\"Kurgo Villa\"},\"image\":{\"@id\":\"https:\\\/\\\/kurgovilla.ee\\\/#\\\/schema\\\/logo\\\/image\\\/\"}}]}<\/script>\n<!-- \/ Yoast SEO plugin. -->","yoast_head_json":{"title":"Kodukord &#187; Kurgovilla","robots":{"index":"index","follow":"follow","max-snippet":"max-snippet:-1","max-image-preview":"max-image-preview:large","max-video-preview":"max-video-preview:-1"},"canonical":"https:\/\/kurgovilla.ee\/fi\/kodukord\/","og_locale":"fi_FI","og_type":"article","og_title":"Kodukord &#187; Kurgovilla","og_description":"J\u00e4rjestyss\u00e4\u00e4nn\u00f6t Tutustuthan j\u00e4rjestyss\u00e4\u00e4nt\u00f6ihimme ja tietoihin, jotta kaikkien oleskelu olisi miellytt\u00e4v\u00e4\u00e4 ja sujuvaa. \ud83d\udece\ufe0f Sis\u00e4\u00e4nkirjautuminen ja p\u00e4\u00e4sy Majoitus on kontaktiton. Ovikoodi l\u00e4hetet\u00e4\u00e4n saapumisp\u00e4iv\u00e4n\u00e4 tekstiviestill\u00e4 \u2013 vain jos: Online-sis\u00e4\u00e4nkirjautuminen on tehty Varaus on maksettu etuk\u00e4teen Varmistathan, ett\u00e4 puhelinnumerosi, my\u00f6s maatunnus, on oikein. Ovikoodi on voimassa:\ud83d\udcc5 Saapumisp\u00e4iv\u00e4n\u00e4 klo 15:00 alkaen\u23f3 L\u00e4ht\u00f6p\u00e4iv\u00e4n\u00e4 klo 12:00 saakka \ud83c\udf73 Majoitukseen sis\u00e4ltyv\u00e4t palvelut [&hellip;]","og_url":"https:\/\/kurgovilla.ee\/fi\/kodukord\/","og_site_name":"Kurgovilla","article_modified_time":"2026-02-10T15:02:22+00:00","twitter_card":"summary_large_image","schema":{"@context":"https:\/\/schema.org","@graph":[{"@type":"WebPage","@id":"https:\/\/kurgovilla.ee\/fi\/kodukord\/","url":"https:\/\/kurgovilla.ee\/fi\/kodukord\/","name":"Kodukord &#187; Kurgovilla","isPartOf":{"@id":"https:\/\/kurgovilla.ee\/#website"},"datePublished":"2025-08-08T11:25:43+00:00","dateModified":"2026-02-10T15:02:22+00:00","breadcrumb":{"@id":"https:\/\/kurgovilla.ee\/fi\/kodukord\/#breadcrumb"},"inLanguage":"fi","potentialAction":[{"@type":"ReadAction","target":["https:\/\/kurgovilla.ee\/fi\/kodukord\/"]}]},{"@type":"BreadcrumbList","@id":"https:\/\/kurgovilla.ee\/fi\/kodukord\/#breadcrumb","itemListElement":[{"@type":"ListItem","position":1,"name":"Home","item":"https:\/\/kurgovilla.ee\/"},{"@type":"ListItem","position":2,"name":"Kodukord"}]},{"@type":"WebSite","@id":"https:\/\/kurgovilla.ee\/#website","url":"https:\/\/kurgovilla.ee\/","name":"Kurgovilla","description":"","publisher":{"@id":"https:\/\/kurgovilla.ee\/#organization"},"potentialAction":[{"@type":"SearchAction","target":{"@type":"EntryPoint","urlTemplate":"https:\/\/kurgovilla.ee\/?s={search_term_string}"},"query-input":{"@type":"PropertyValueSpecification","valueRequired":true,"valueName":"search_term_string"}}],"inLanguage":"fi"},{"@type":"Organization","@id":"https:\/\/kurgovilla.ee\/#organization","name":"Kurgo Villa","url":"https:\/\/kurgovilla.ee\/","logo":{"@type":"ImageObject","inLanguage":"fi","@id":"https:\/\/kurgovilla.ee\/#\/schema\/logo\/image\/","url":"https:\/\/kurgovilla.ee\/wp-content\/uploads\/2020\/03\/logo.jpg","contentUrl":"https:\/\/kurgovilla.ee\/wp-content\/uploads\/2020\/03\/logo.jpg","width":300,"height":115,"caption":"Kurgo Villa"},"image":{"@id":"https:\/\/kurgovilla.ee\/#\/schema\/logo\/image\/"}}]}},"builder_content":"<h1 style=\"text-align: center;\" data-start=\"167\" data-end=\"188\">J\u00e4rjestyss\u00e4\u00e4nn\u00f6t<\/h1> <p style=\"text-align: center;\" data-start=\"189\" data-end=\"293\">Tutustuthan j\u00e4rjestyss\u00e4\u00e4nt\u00f6ihimme ja tietoihin, jotta kaikkien oleskelu olisi miellytt\u00e4v\u00e4\u00e4 ja sujuvaa.<\/p> <hr data-start=\"295\" data-end=\"298\"> <h3 data-start=\"300\" data-end=\"338\">\ud83d\udece\ufe0f Sis\u00e4\u00e4nkirjautuminen ja p\u00e4\u00e4sy<\/h3> <p data-start=\"339\" data-end=\"365\">Majoitus on kontaktiton.<\/p> <p data-start=\"367\" data-end=\"432\">Ovikoodi l\u00e4hetet\u00e4\u00e4n saapumisp\u00e4iv\u00e4n\u00e4 tekstiviestill\u00e4 \u2013 vain jos:<\/p> <ul data-start=\"433\" data-end=\"505\"> <li data-start=\"433\" data-end=\"472\"> <p data-start=\"435\" data-end=\"472\">Online-sis\u00e4\u00e4nkirjautuminen on tehty<\/p> <\/li> <li data-start=\"473\" data-end=\"505\"> <p data-start=\"475\" data-end=\"505\">Varaus on maksettu etuk\u00e4teen<\/p> <\/li> <\/ul> <p data-start=\"507\" data-end=\"571\">Varmistathan, ett\u00e4 puhelinnumerosi, my\u00f6s maatunnus, on oikein.<\/p> <p data-start=\"573\" data-end=\"668\">Ovikoodi on voimassa:<br data-start=\"594\" data-end=\"597\">\ud83d\udcc5 Saapumisp\u00e4iv\u00e4n\u00e4 klo 15:00 alkaen<br data-start=\"632\" data-end=\"635\">\u23f3 L\u00e4ht\u00f6p\u00e4iv\u00e4n\u00e4 klo 12:00 saakka<\/p> <hr data-start=\"670\" data-end=\"673\"> <h3 data-start=\"675\" data-end=\"716\">\ud83c\udf73 Majoitukseen sis\u00e4ltyv\u00e4t palvelut<\/h3> <p data-start=\"717\" data-end=\"764\"><strong data-start=\"717\" data-end=\"731\">Aamiainen:<\/strong><br data-start=\"731\" data-end=\"734\">\ud83d\udd57 P\u00e4ivitt\u00e4in klo 8:00\u201311:00<\/p> <p data-start=\"766\" data-end=\"829\"><strong data-start=\"766\" data-end=\"796\">L\u00e4mmitetty ulkouima-allas:<\/strong><br data-start=\"796\" data-end=\"799\">\ud83d\udd57 P\u00e4ivitt\u00e4in klo 8:00\u201320:00<\/p> <hr data-start=\"831\" data-end=\"834\"> <h3 data-start=\"836\" data-end=\"855\">\ud83d\ude97 Pys\u00e4k\u00f6inti<\/h3> <p data-start=\"856\" data-end=\"1118\">Maksuton sis\u00e4pihan pys\u00e4k\u00f6inti (~13 paikkaa), varauksia ei voi tehd\u00e4.<br data-start=\"924\" data-end=\"927\">\u2705 Paikat t\u00e4ytet\u00e4\u00e4n saapumisj\u00e4rjestyksess\u00e4.<br data-start=\"969\" data-end=\"972\">\u274c Jos parkkipaikka on t\u00e4ynn\u00e4, katso P\u00e4rnun pys\u00e4k\u00f6intitiedot t\u00e4\u00e4lt\u00e4:<br data-start=\"1039\" data-end=\"1042\"><a href=\"https:\/\/visitparnu.com\/parkimine-parnus\" target=\"_new\" rel=\"noopener\" data-start=\"1042\" data-end=\"1116\">visitparnu.com\/parkimine-parnus<\/a><\/p> <p data-start=\"1120\" data-end=\"1321\">L\u00e4ht\u00f6p\u00e4iv\u00e4n\u00e4 pys\u00e4k\u00f6intipaikka on vapautettava viimeist\u00e4\u00e4n klo 12:00.<br data-start=\"1188\" data-end=\"1191\">Jos paikkaa ei ole vapautettu t\u00e4h\u00e4n menness\u00e4, hotelli voi siirt\u00e4\u00e4 ajoneuvon kadulle varmistaakseen paikan seuraavalle vieraalle.<\/p> <hr data-start=\"1323\" data-end=\"1326\"> <h3 data-start=\"1328\" data-end=\"1360\">\ud83e\uddf9 Siivous ja lis\u00e4palvelut<\/h3> <p data-start=\"1361\" data-end=\"1388\">Huonesiivous suoritetaan:<\/p> <ul data-start=\"1389\" data-end=\"1451\"> <li data-start=\"1389\" data-end=\"1402\"> <p data-start=\"1391\" data-end=\"1402\">L\u00e4htiess\u00e4<\/p> <\/li> <li data-start=\"1403\" data-end=\"1451\"> <p data-start=\"1405\" data-end=\"1451\">Yli 4 p\u00e4iv\u00e4n majoituksissa joka nelj\u00e4s p\u00e4iv\u00e4<\/p> <\/li> <\/ul> <p data-start=\"1453\" data-end=\"1496\">Roska-astiat sijaitsevat hotellialueella.<\/p> <p data-start=\"1498\" data-end=\"1607\">Lis\u00e4pylhkeet ja muut tarvikkeet saatavilla:<br data-start=\"1541\" data-end=\"1544\">\ud83d\udd59 P\u00e4ivitt\u00e4in klo 10:00\u201314:00<br data-start=\"1573\" data-end=\"1576\">(kysy siivoushenkil\u00f6kunnalta)<\/p> <hr data-start=\"1609\" data-end=\"1612\"> <h3 data-start=\"1614\" data-end=\"1651\">\ud83d\udead Tupakointi ja hiljaisuusajat<\/h3> <p data-start=\"1652\" data-end=\"1673\">Hotelli on savuton.<\/p> <p data-start=\"1675\" data-end=\"1735\">Tupakointi on sallittu vain sis\u00e4pihan merkityll\u00e4 alueella.<\/p> <p data-start=\"1737\" data-end=\"1789\">Parvekkeilla tupakointi on ehdottomasti kielletty.<\/p> <p data-start=\"1791\" data-end=\"1812\"><strong data-start=\"1791\" data-end=\"1810\">Hiljaisuusajat:<\/strong><\/p> <ul data-start=\"1813\" data-end=\"1876\"> <li data-start=\"1813\" data-end=\"1844\"> <p data-start=\"1815\" data-end=\"1844\"><strong data-start=\"1815\" data-end=\"1830\">1.9 \u2013 31.5:<\/strong> 23:00\u201307:00<\/p> <\/li> <li data-start=\"1845\" data-end=\"1876\"> <p data-start=\"1847\" data-end=\"1876\"><strong data-start=\"1847\" data-end=\"1862\">1.6 \u2013 31.8:<\/strong> 00:00\u201306:00<\/p> <\/li> <\/ul> <p data-start=\"1878\" data-end=\"1960\">Vieraat voivat oleskella huoneessa klo 23:00 asti (kunhan eiv\u00e4t h\u00e4iritse muita).<\/p> <hr data-start=\"1962\" data-end=\"1965\"> <h3 data-start=\"1967\" data-end=\"2003\">\ud83d\udd10 Turvallisuus ja yksityisyys<\/h3> <p data-start=\"2004\" data-end=\"2031\">\u00c4l\u00e4 jaa ovikoodia muille!<\/p> <p data-start=\"2033\" data-end=\"2102\">Hotelli ei vastaa huoneessa olevista henkil\u00f6kohtaisista tavaroista.<\/p> <p data-start=\"2104\" data-end=\"2158\">Forus Security AS vartioi hotellia klo 23:00 alkaen.<\/p> <p data-start=\"2160\" data-end=\"2237\">Julkiset tilat (terassit, sis\u00e4piha, porrask\u00e4yt\u00e4v\u00e4t) ovat kameravalvonnassa.<\/p> <hr data-start=\"2239\" data-end=\"2242\"> <h3 data-start=\"2244\" data-end=\"2271\">\ud83d\udcdd T\u00e4rke\u00e4\u00e4 lis\u00e4tietoa<\/h3> <p data-start=\"2272\" data-end=\"2411\">Saapumisp\u00e4iv\u00e4n\u00e4 varauksia voi tehd\u00e4 klo 23:59 asti.<br data-start=\"2323\" data-end=\"2326\">\u23e9 T\u00e4m\u00e4n j\u00e4lkeen tehdyt varaukset ovat voimassa seuraavana p\u00e4iv\u00e4n\u00e4 klo 15:00 alkaen.<\/p> <p data-start=\"2413\" data-end=\"2488\">Hotelli on itsepalveluhotelli, ja henkil\u00f6kuntaan on vain v\u00e4h\u00e4n kontaktia.<\/p> <p data-start=\"2490\" data-end=\"2529\">Lemmikkiel\u00e4imet eiv\u00e4t ole sallittuja.<\/p> <hr data-start=\"2531\" data-end=\"2534\"> <h3 data-start=\"2536\" data-end=\"2557\">\ud83d\udcde Yhteystiedot<\/h3> <p data-start=\"2558\" data-end=\"2622\">Kysymykset \/ puutteet huoneessa:<br data-start=\"2590\" data-end=\"2593\">\ud83d\udce7 <a rel=\"noopener\" data-start=\"2596\" data-end=\"2620\">kurgovilla@kurgovilla.ee<\/a><\/p> <p data-start=\"2624\" data-end=\"2696\">Online-sis\u00e4\u00e4nkirjautumisen tuki (klo 12:00\u201317:00):<br data-start=\"2674\" data-end=\"2677\">\ud83d\udcf1 +372 5687 7536<\/p> <p data-start=\"2698\" data-end=\"2733\">\ud83c\udf10 <strong data-start=\"2701\" data-end=\"2720\">Wi-Fi-salasana:<\/strong><br data-start=\"2720\" data-end=\"2723\">12345678<\/p>","_links":{"self":[{"href":"https:\/\/kurgovilla.ee\/fi\/wp-json\/wp\/v2\/pages\/3316","targetHints":{"allow":["GET"]}}],"collection":[{"href":"https:\/\/kurgovilla.ee\/fi\/wp-json\/wp\/v2\/pages"}],"about":[{"href":"https:\/\/kurgovilla.ee\/fi\/wp-json\/wp\/v2\/types\/page"}],"author":[{"embeddable":true,"href":"https:\/\/kurgovilla.ee\/fi\/wp-json\/wp\/v2\/users\/1"}],"replies":[{"embeddable":true,"href":"https:\/\/kurgovilla.ee\/fi\/wp-json\/wp\/v2\/comments?post=3316"}],"version-history":[{"count":18,"href":"https:\/\/kurgovilla.ee\/fi\/wp-json\/wp\/v2\/pages\/3316\/revisions"}],"predecessor-version":[{"id":3437,"href":"https:\/\/kurgovilla.ee\/fi\/wp-json\/wp\/v2\/pages\/3316\/revisions\/3437"}],"wp:attachment":[{"href":"https:\/\/kurgovilla.ee\/fi\/wp-json\/wp\/v2\/media?parent=3316"}],"curies":[{"name":"wp","href":"https:\/\/api.w.org\/{rel}","templated":true}]}}